{"id":949,"date":"2023-08-08T07:29:10","date_gmt":"2023-08-08T07:29:10","guid":{"rendered":"https:\/\/www.mccormickmurphy.com\/?page_id=949"},"modified":"2025-11-13T15:49:06","modified_gmt":"2025-11-13T22:49:06","slug":"bad-faith","status":"publish","type":"page","link":"https:\/\/mccormickmurphy.com\/es\/bad-faith\/","title":{"rendered":"Mala fe en seguros"},"content":{"rendered":"<div data-elementor-type=\"wp-page\" data-elementor-id=\"949\" class=\"elementor elementor-949\" data-elementor-post-type=\"page\">\n\t\t\t\t\t\t<section class=\"elementor-section elementor-top-section elementor-element elementor-element-6b85663 elementor-section-boxed elementor-section-height-default elementor-section-height-default\" data-id=\"6b85663\" data-element_type=\"section\" data-settings=\"{&quot;background_background&quot;:&quot;classic&quot;}\" data-e-bg-lazyload=\"\">\n\t\t\t\t\t\t<div class=\"elementor-container elementor-column-gap-default\">\n\t\t\t\t\t<div class=\"elementor-column elementor-col-100 elementor-top-column elementor-element elementor-element-ebe5f56\" data-id=\"ebe5f56\" data-element_type=\"column\">\n\t\t\t<div class=\"elementor-widget-wrap elementor-element-populated\">\n\t\t\t\t\t\t<section class=\"elementor-section elementor-inner-section elementor-element elementor-element-3610736 elementor-section-boxed elementor-section-height-default elementor-section-height-default\" data-id=\"3610736\" data-element_type=\"section\">\n\t\t\t\t\t\t<div class=\"elementor-container elementor-column-gap-default\">\n\t\t\t\t\t<div class=\"elementor-column elementor-col-50 elementor-inner-column elementor-element elementor-element-041201b\" data-id=\"041201b\" data-element_type=\"column\">\n\t\t\t<div class=\"elementor-widget-wrap elementor-element-populated\">\n\t\t\t\t\t\t<div class=\"elementor-element elementor-element-9d04555 elementor-widget elementor-widget-heading\" data-id=\"9d04555\" data-element_type=\"widget\" data-widget_type=\"heading.default\">\n\t\t\t\t<div class=\"elementor-widget-container\">\n\t\t\t<style>\/*! elementor - v3.19.0 - 05-02-2024 *\/\n.elementor-heading-title{padding:0;margin:0;line-height:1}.elementor-widget-heading .elementor-heading-title[class*=elementor-size-]>a{color:inherit;font-size:inherit;line-height:inherit}.elementor-widget-heading .elementor-heading-title.elementor-size-small{font-size:15px}.elementor-widget-heading .elementor-heading-title.elementor-size-medium{font-size:19px}.elementor-widget-heading .elementor-heading-title.elementor-size-large{font-size:29px}.elementor-widget-heading .elementor-heading-title.elementor-size-xl{font-size:39px}.elementor-widget-heading .elementor-heading-title.elementor-size-xxl{font-size:59px}<\/style><h1 class=\"elementor-heading-title elementor-size-default\">Mala fe en seguros<\/h1>\t\t<\/div>\n\t\t\t\t<\/div>\n\t\t\t\t<div class=\"elementor-element elementor-element-3fda954 elementor-widget-divider--view-line elementor-widget elementor-widget-divider\" data-id=\"3fda954\" data-element_type=\"widget\" data-widget_type=\"divider.default\">\n\t\t\t\t<div class=\"elementor-widget-container\">\n\t\t\t<style>\/*! elementor - v3.19.0 - 05-02-2024 *\/\n.elementor-widget-divider{--divider-border-style:none;--divider-border-width:1px;--divider-color:#0c0d0e;--divider-icon-size:20px;--divider-element-spacing:10px;--divider-pattern-height:24px;--divider-pattern-size:20px;--divider-pattern-url:none;--divider-pattern-repeat:repeat-x}.elementor-widget-divider .elementor-divider{display:flex}.elementor-widget-divider .elementor-divider__text{font-size:15px;line-height:1;max-width:95%}.elementor-widget-divider .elementor-divider__element{margin:0 var(--divider-element-spacing);flex-shrink:0}.elementor-widget-divider .elementor-icon{font-size:var(--divider-icon-size)}.elementor-widget-divider .elementor-divider-separator{display:flex;margin:0;direction:ltr}.elementor-widget-divider--view-line_icon .elementor-divider-separator,.elementor-widget-divider--view-line_text .elementor-divider-separator{align-items:center}.elementor-widget-divider--view-line_icon .elementor-divider-separator:after,.elementor-widget-divider--view-line_icon .elementor-divider-separator:before,.elementor-widget-divider--view-line_text .elementor-divider-separator:after,.elementor-widget-divider--view-line_text .elementor-divider-separator:before{display:block;content:\"\";border-block-end:0;flex-grow:1;border-block-start:var(--divider-border-width) var(--divider-border-style) var(--divider-color)}.elementor-widget-divider--element-align-left .elementor-divider .elementor-divider-separator>.elementor-divider__svg:first-of-type{flex-grow:0;flex-shrink:100}.elementor-widget-divider--element-align-left .elementor-divider-separator:before{content:none}.elementor-widget-divider--element-align-left .elementor-divider__element{margin-left:0}.elementor-widget-divider--element-align-right .elementor-divider .elementor-divider-separator>.elementor-divider__svg:last-of-type{flex-grow:0;flex-shrink:100}.elementor-widget-divider--element-align-right .elementor-divider-separator:after{content:none}.elementor-widget-divider--element-align-right .elementor-divider__element{margin-right:0}.elementor-widget-divider--element-align-start .elementor-divider .elementor-divider-separator>.elementor-divider__svg:first-of-type{flex-grow:0;flex-shrink:100}.elementor-widget-divider--element-align-start .elementor-divider-separator:before{content:none}.elementor-widget-divider--element-align-start .elementor-divider__element{margin-inline-start:0}.elementor-widget-divider--element-align-end .elementor-divider .elementor-divider-separator>.elementor-divider__svg:last-of-type{flex-grow:0;flex-shrink:100}.elementor-widget-divider--element-align-end .elementor-divider-separator:after{content:none}.elementor-widget-divider--element-align-end .elementor-divider__element{margin-inline-end:0}.elementor-widget-divider:not(.elementor-widget-divider--view-line_text):not(.elementor-widget-divider--view-line_icon) .elementor-divider-separator{border-block-start:var(--divider-border-width) var(--divider-border-style) var(--divider-color)}.elementor-widget-divider--separator-type-pattern{--divider-border-style:none}.elementor-widget-divider--separator-type-pattern.elementor-widget-divider--view-line .elementor-divider-separator,.elementor-widget-divider--separator-type-pattern:not(.elementor-widget-divider--view-line) .elementor-divider-separator:after,.elementor-widget-divider--separator-type-pattern:not(.elementor-widget-divider--view-line) .elementor-divider-separator:before,.elementor-widget-divider--separator-type-pattern:not([class*=elementor-widget-divider--view]) .elementor-divider-separator{width:100%;min-height:var(--divider-pattern-height);-webkit-mask-size:var(--divider-pattern-size) 100%;mask-size:var(--divider-pattern-size) 100%;-webkit-mask-repeat:var(--divider-pattern-repeat);mask-repeat:var(--divider-pattern-repeat);background-color:var(--divider-color);-webkit-mask-image:var(--divider-pattern-url);mask-image:var(--divider-pattern-url)}.elementor-widget-divider--no-spacing{--divider-pattern-size:auto}.elementor-widget-divider--bg-round{--divider-pattern-repeat:round}.rtl .elementor-widget-divider .elementor-divider__text{direction:rtl}.e-con-inner>.elementor-widget-divider,.e-con>.elementor-widget-divider{width:var(--container-widget-width,100%);--flex-grow:var(--container-widget-flex-grow)}<\/style>\t\t<div class=\"elementor-divider\">\n\t\t\t<span class=\"elementor-divider-separator\">\n\t\t\t\t\t\t<\/span>\n\t\t<\/div>\n\t\t\t\t<\/div>\n\t\t\t\t<\/div>\n\t\t\t\t\t<\/div>\n\t\t<\/div>\n\t\t\t\t<div class=\"elementor-column elementor-col-50 elementor-inner-column elementor-element elementor-element-ec7fec9\" data-id=\"ec7fec9\" data-element_type=\"column\">\n\t\t\t<div class=\"elementor-widget-wrap\">\n\t\t\t\t\t\t\t<\/div>\n\t\t<\/div>\n\t\t\t\t\t<\/div>\n\t\t<\/section>\n\t\t\t\t\t<\/div>\n\t\t<\/div>\n\t\t\t\t\t<\/div>\n\t\t<\/section>\n\t\t\t\t<section class=\"elementor-section elementor-top-section elementor-element elementor-element-78ce079 elementor-section-boxed elementor-section-height-default elementor-section-height-default\" data-id=\"78ce079\" data-element_type=\"section\">\n\t\t\t\t\t\t<div class=\"elementor-container elementor-column-gap-default\">\n\t\t\t\t\t<div class=\"elementor-column elementor-col-100 elementor-top-column elementor-element elementor-element-527d2ec\" data-id=\"527d2ec\" data-element_type=\"column\">\n\t\t\t<div class=\"elementor-widget-wrap elementor-element-populated\">\n\t\t\t\t\t\t<div class=\"elementor-element elementor-element-c3e9b1d elementor-widget elementor-widget-heading\" data-id=\"c3e9b1d\" data-element_type=\"widget\" data-widget_type=\"heading.default\">\n\t\t\t\t<div class=\"elementor-widget-container\">\n\t\t\t<h2 class=\"elementor-heading-title elementor-size-default\">Mala fe en seguros<\/h2>\t\t<\/div>\n\t\t\t\t<\/div>\n\t\t\t\t<div class=\"elementor-element elementor-element-2c6c2ce elementor-widget elementor-widget-heading\" data-id=\"2c6c2ce\" data-element_type=\"widget\" data-widget_type=\"heading.default\">\n\t\t\t\t<div class=\"elementor-widget-container\">\n\t\t\t<h2 class=\"elementor-heading-title elementor-size-default\">\u00bfCompa\u00f1\u00eda de seguros actuando de mala fe?<\/h2>\t\t<\/div>\n\t\t\t\t<\/div>\n\t\t\t\t<div class=\"elementor-element elementor-element-7c9139d elementor-widget elementor-widget-text-editor\" data-id=\"7c9139d\" data-element_type=\"widget\" data-widget_type=\"text-editor.default\">\n\t\t\t\t<div class=\"elementor-widget-container\">\n\t\t\t<style>\/*! elementor - v3.19.0 - 05-02-2024 *\/\n.elementor-widget-text-editor.elementor-drop-cap-view-stacked .elementor-drop-cap{background-color:#69727d;color:#fff}.elementor-widget-text-editor.elementor-drop-cap-view-framed .elementor-drop-cap{color:#69727d;border:3px solid;background-color:transparent}.elementor-widget-text-editor:not(.elementor-drop-cap-view-default) .elementor-drop-cap{margin-top:8px}.elementor-widget-text-editor:not(.elementor-drop-cap-view-default) .elementor-drop-cap-letter{width:1em;height:1em}.elementor-widget-text-editor .elementor-drop-cap{float:left;text-align:center;line-height:1;font-size:50px}.elementor-widget-text-editor .elementor-drop-cap-letter{display:inline-block}<\/style>\t\t\t\t<div id=\"text_block-19-371\" class=\"ct-text-block\">Los abogados de McCormick &amp; Murphy tienen un profundo conocimiento de las leyes de mala fe en materia de seguros de Colorado, ya que cuentan con m\u00e1s de dos d\u00e9cadas de experiencia representando a personas en demandas por mala fe contra compa\u00f1\u00edas de seguros que se niegan a cumplir las reglas.<\/div><div id=\"text_block-20-371\" class=\"ct-text-block\">De hecho, algunos de nuestros\u00a0<a href=\"https:\/\/mccormickmurphy.com\/es\/about\/sample-case-result\/\">mayores resultados<\/a>\u00a0Implican mala fe en las compa\u00f1\u00edas de seguros. Si cree que su aseguradora act\u00faa de mala fe, le recomendamos que consulte la siguiente informaci\u00f3n para comprender qu\u00e9 implican los casos de mala fe en las compa\u00f1\u00edas de seguros.<\/div><div id=\"text_block-367-949\" class=\"ct-text-block\">\u00bfCree que puede tener un caso? Cont\u00e1ctenos ahora para una revisi\u00f3n gratuita del caso. La revisi\u00f3n del caso es gratuita y no lo obliga a nada.<\/div>\t\t\t\t\t\t<\/div>\n\t\t\t\t<\/div>\n\t\t\t\t<div class=\"elementor-element elementor-element-75af799 elementor-widget elementor-widget-heading\" data-id=\"75af799\" data-element_type=\"widget\" data-widget_type=\"heading.default\">\n\t\t\t\t<div class=\"elementor-widget-container\">\n\t\t\t<h2 class=\"elementor-heading-title elementor-size-default\">Ejemplos de mala fe en seguros:<\/h2>\t\t<\/div>\n\t\t\t\t<\/div>\n\t\t\t\t<div class=\"elementor-element elementor-element-490d188 elementor-widget elementor-widget-text-editor\" data-id=\"490d188\" data-element_type=\"widget\" data-widget_type=\"text-editor.default\">\n\t\t\t\t<div class=\"elementor-widget-container\">\n\t\t\t\t\t\t\t<p>Lea ejemplos comunes de c\u00f3mo las compa\u00f1\u00edas de seguros act\u00faan de mala fe para que pueda identificar las se\u00f1ales.\u00a0<a href=\"https:\/\/mccormickmurphy.com\/es\/bad-faith\/examples\/\">ejemplos de mala fe<\/a><\/p>\t\t\t\t\t\t<\/div>\n\t\t\t\t<\/div>\n\t\t\t\t<div class=\"elementor-element elementor-element-f0b57b9 elementor-widget elementor-widget-heading\" data-id=\"f0b57b9\" data-element_type=\"widget\" data-widget_type=\"heading.default\">\n\t\t\t\t<div class=\"elementor-widget-container\">\n\t\t\t<h2 class=\"elementor-heading-title elementor-size-default\">Preguntas frecuentes sobre mala fe en seguros<\/h2>\t\t<\/div>\n\t\t\t\t<\/div>\n\t\t\t\t<div class=\"elementor-element elementor-element-b2cdf61 elementor-widget elementor-widget-text-editor\" data-id=\"b2cdf61\" data-element_type=\"widget\" data-widget_type=\"text-editor.default\">\n\t\t\t\t<div class=\"elementor-widget-container\">\n\t\t\t\t\t\t\t<p>Respuestas a las 12 preguntas m\u00e1s frecuentes que nos hacen sobre casos de mala fe en seguros en Colorado. Obtenga respuestas a sus preguntas<\/p>\t\t\t\t\t\t<\/div>\n\t\t\t\t<\/div>\n\t\t\t\t<div class=\"elementor-element elementor-element-381638f elementor-widget elementor-widget-heading\" data-id=\"381638f\" data-element_type=\"widget\" data-widget_type=\"heading.default\">\n\t\t\t\t<div class=\"elementor-widget-container\">\n\t\t\t<h2 class=\"elementor-heading-title elementor-size-default\">Casos pr\u00e1cticos de mala fe en seguros<\/h2>\t\t<\/div>\n\t\t\t\t<\/div>\n\t\t\t\t<div class=\"elementor-element elementor-element-3985b16 elementor-widget elementor-widget-text-editor\" data-id=\"3985b16\" data-element_type=\"widget\" data-widget_type=\"text-editor.default\">\n\t\t\t\t<div class=\"elementor-widget-container\">\n\t\t\t\t\t\t\t<div id=\"div_block-379-949\" class=\"ct-div-block\"><div id=\"text_block-381-949\" class=\"ct-text-block\">Estos estudios de casos destacan los precedentes importantes de los casos de mala fe en Colorado y pueden ayudarlo a comprender si puede tener un reclamo v\u00e1lido por mala fe. Ver estudios de casos<\/div><\/div><div id=\"div_block-382-949\" class=\"ct-div-block\"><div id=\"text_block-384-949\" class=\"ct-text-block\">En McCormick &amp; Murphy, estamos comprometidos a ayudar a la gente de Colorado a comprender sus derechos en situaciones en las que las compa\u00f1\u00edas de seguros no act\u00faan de acuerdo con la ley.<\/div><div id=\"text_block-385-949\" class=\"ct-text-block\">Cada a\u00f1o, a los habitantes de Colorado se les niega injustamente la compensaci\u00f3n de sus compa\u00f1\u00edas de seguros, como Allstate, Farmers, USAA y State Farm, para cubrir las p\u00e9rdidas que resultan de accidentes automovil\u00edsticos, desastres naturales o cualquier otro tipo de incidente que cause da\u00f1os.<\/div><div id=\"text_block-386-949\" class=\"ct-text-block\">Si necesita ayuda para comprender los detalles de las leyes que rigen la mala fe en seguros en Colorado o si tiene una denegaci\u00f3n espec\u00edfica que le gustar\u00eda analizar, estamos aqu\u00ed para ayudarlo. Para hablar con un abogado de Colorado Springs especializado en mala fe en seguros de nuestras oficinas, llame al\u00a0<a href=\"tel:7194198510\">719-419-8510<\/a>, o cont\u00e1ctenos en l\u00ednea ahora. Estamos listos y esperando para ayudarlo.<\/div><\/div>\t\t\t\t\t\t<\/div>\n\t\t\t\t<\/div>\n\t\t\t\t\t<\/div>\n\t\t<\/div>\n\t\t\t\t\t<\/div>\n\t\t<\/section>\n\t\t\t\t<section class=\"elementor-section elementor-top-section elementor-element elementor-element-58eb4e6 elementor-section-boxed elementor-section-height-default elementor-section-height-default\" data-id=\"58eb4e6\" data-element_type=\"section\" data-settings=\"{&quot;background_background&quot;:&quot;classic&quot;}\">\n\t\t\t\t\t\t<div class=\"elementor-container elementor-column-gap-default\">\n\t\t\t\t\t<div class=\"elementor-column elementor-col-100 elementor-top-column elementor-element elementor-element-8ad370e\" data-id=\"8ad370e\" data-element_type=\"column\">\n\t\t\t<div class=\"elementor-widget-wrap elementor-element-populated\">\n\t\t\t\t\t\t<div class=\"elementor-element elementor-element-1c61319 elementor-widget elementor-widget-text-editor\" data-id=\"1c61319\" data-element_type=\"widget\" data-widget_type=\"text-editor.default\">\n\t\t\t\t<div class=\"elementor-widget-container\">\n\t\t\t\t\t\t\t<p><i>Descargo de responsabilidad:<\/i>\u00a0La informaci\u00f3n proporcionada en este sitio NO constituye asesoramiento legal formal. Es informaci\u00f3n legal gen\u00e9rica. Bajo ninguna circunstancia se debe confiar en la informaci\u00f3n de este sitio para decidir el curso adecuado de una acci\u00f3n legal. Siempre obtenga un asesoramiento legal formal.\u00a0<a href=\"https:\/\/mccormickmurphy.com\/es\/contact-us\/\">evaluaci\u00f3n de caso<\/a>\u00a0de un abogado autorizado si cree que podr\u00eda tener una demanda por lesiones personales.<\/p>\t\t\t\t\t\t<\/div>\n\t\t\t\t<\/div>\n\t\t\t\t\t<\/div>\n\t\t<\/div>\n\t\t\t\t\t<\/div>\n\t\t<\/section>\n\t\t\t\t<\/div>","protected":false},"excerpt":{"rendered":"<p>Mala fe en seguros. \u00bfAct\u00faa la compa\u00f1\u00eda de seguros de mala fe? Los abogados de McCormick &amp; Murphy conocen a fondo las leyes de mala fe en seguros de Colorado. Esto se debe a que cuentan con m\u00e1s de dos d\u00e9cadas de experiencia representando a personas en demandas por mala fe contra compa\u00f1\u00edas de seguros que se niegan a cumplir las normas. De hecho,\u2026 <\/p>\n<p class=\"link-more\"><a href=\"https:\/\/mccormickmurphy.com\/es\/bad-faith\/\" class=\"more-link\">Continuar leyendo<span class=\"screen-reader-text\"> \u201cMala fe en seguros\u201d<\/span><\/a><\/p>","protected":false},"author":4,"featured_media":0,"parent":0,"menu_order":0,"comment_status":"closed","ping_status":"closed","template":"","meta":{"footnotes":""},"class_list":["post-949","page","type-page","status-publish","hentry"],"yoast_head":"<!-- This site is optimized with the Yoast SEO Premium plugin v21.5 (Yoast SEO v21.5) - https:\/\/yoast.com\/wordpress\/plugins\/seo\/ -->\n<title>Insurance Bad Faith Lawyers Colorado Springs<\/title>\n<meta name=\"description\" content=\"Uncover insurance bad faith with McCormick &amp; Murphy, P.C. Our team fights for your rights and fair compensation. Contact us for legal support.\" \/>\n<meta name=\"robots\" content=\"index, follow, max-snippet:-1, max-image-preview:large, max-video-preview:-1\" \/>\n<link rel=\"canonical\" href=\"https:\/\/mccormickmurphy.com\/es\/bad-faith\/\" \/>\n<meta property=\"og:locale\" content=\"es_MX\" \/>\n<meta property=\"og:type\" content=\"article\" \/>\n<meta property=\"og:title\" content=\"Insurance Bad Faith\" \/>\n<meta property=\"og:description\" content=\"Uncover insurance bad faith with McCormick &amp; Murphy, P.C. Our team fights for your rights and fair compensation. Contact us for legal support.\" \/>\n<meta property=\"og:url\" content=\"https:\/\/mccormickmurphy.com\/es\/bad-faith\/\" \/>\n<meta property=\"og:site_name\" content=\"McCormick &amp; Murphy - Personal Injury Lawyers\" \/>\n<meta property=\"article:modified_time\" content=\"2025-11-13T22:49:06+00:00\" \/>\n<meta name=\"twitter:card\" content=\"summary_large_image\" \/>\n<meta name=\"twitter:label1\" content=\"Tiempo de lectura\" \/>\n\t<meta name=\"twitter:data1\" content=\"2 minutos\" \/>\n<script type=\"application\/ld+json\" class=\"yoast-schema-graph\">{\"@context\":\"https:\/\/schema.org\",\"@graph\":[{\"@type\":\"WebPage\",\"@id\":\"https:\/\/mccormickmurphy.com\/bad-faith\/\",\"url\":\"https:\/\/mccormickmurphy.com\/bad-faith\/\",\"name\":\"Insurance Bad Faith Lawyers Colorado Springs\",\"isPartOf\":{\"@id\":\"https:\/\/mccormickmurphy.com\/#website\"},\"datePublished\":\"2023-08-08T07:29:10+00:00\",\"dateModified\":\"2025-11-13T22:49:06+00:00\",\"description\":\"Uncover insurance bad faith with McCormick & Murphy, P.C. Our team fights for your rights and fair compensation. Contact us for legal support.\",\"breadcrumb\":{\"@id\":\"https:\/\/mccormickmurphy.com\/bad-faith\/#breadcrumb\"},\"inLanguage\":\"es\",\"potentialAction\":[{\"@type\":\"ReadAction\",\"target\":[\"https:\/\/mccormickmurphy.com\/bad-faith\/\"]}]},{\"@type\":\"BreadcrumbList\",\"@id\":\"https:\/\/mccormickmurphy.com\/bad-faith\/#breadcrumb\",\"itemListElement\":[{\"@type\":\"ListItem\",\"position\":1,\"name\":\"Home\",\"item\":\"https:\/\/mccormickmurphy.com\/\"},{\"@type\":\"ListItem\",\"position\":2,\"name\":\"Insurance Bad Faith\"}]},{\"@type\":\"WebSite\",\"@id\":\"https:\/\/mccormickmurphy.com\/#website\",\"url\":\"https:\/\/mccormickmurphy.com\/\",\"name\":\"McCormick &amp; Murphy - Personal Injury Lawyers\",\"description\":\"Premier Colorado Personal Injury Lawyers\",\"publisher\":{\"@id\":\"https:\/\/mccormickmurphy.com\/#organization\"},\"potentialAction\":[{\"@type\":\"SearchAction\",\"target\":{\"@type\":\"EntryPoint\",\"urlTemplate\":\"https:\/\/mccormickmurphy.com\/?s={search_term_string}\"},\"query-input\":\"required name=search_term_string\"}],\"inLanguage\":\"es\"},{\"@type\":\"Organization\",\"@id\":\"https:\/\/mccormickmurphy.com\/#organization\",\"name\":\"McCormick & Murphy, P.C.\",\"url\":\"https:\/\/mccormickmurphy.com\/\",\"logo\":{\"@type\":\"ImageObject\",\"inLanguage\":\"es\",\"@id\":\"https:\/\/mccormickmurphy.com\/#\/schema\/logo\/image\/\",\"url\":\"https:\/\/mccormickmurphy.com\/wp-content\/uploads\/2023\/07\/header-logo.png\",\"contentUrl\":\"https:\/\/mccormickmurphy.com\/wp-content\/uploads\/2023\/07\/header-logo.png\",\"width\":261,\"height\":80,\"caption\":\"McCormick & Murphy, P.C.\"},\"image\":{\"@id\":\"https:\/\/mccormickmurphy.com\/#\/schema\/logo\/image\/\"}}]}<\/script>\n<!-- \/ Yoast SEO Premium plugin. -->","yoast_head_json":{"title":"Abogados de mala fe en seguros en Colorado Springs","description":"Descubra la mala fe en seguros con McCormick &amp; Murphy, PC. Nuestro equipo lucha por sus derechos y una compensaci\u00f3n justa. Cont\u00e1ctenos para obtener asistencia legal.","robots":{"index":"index","follow":"follow","max-snippet":"max-snippet:-1","max-image-preview":"max-image-preview:large","max-video-preview":"max-video-preview:-1"},"canonical":"https:\/\/mccormickmurphy.com\/es\/bad-faith\/","og_locale":"es_MX","og_type":"article","og_title":"Insurance Bad Faith","og_description":"Uncover insurance bad faith with McCormick & Murphy, P.C. Our team fights for your rights and fair compensation. Contact us for legal support.","og_url":"https:\/\/mccormickmurphy.com\/es\/bad-faith\/","og_site_name":"McCormick &amp; Murphy - Personal Injury Lawyers","article_modified_time":"2025-11-13T22:49:06+00:00","twitter_card":"summary_large_image","twitter_misc":{"Tiempo de lectura":"2 minutos"},"schema":{"@context":"https:\/\/schema.org","@graph":[{"@type":"WebPage","@id":"https:\/\/mccormickmurphy.com\/bad-faith\/","url":"https:\/\/mccormickmurphy.com\/bad-faith\/","name":"Abogados de mala fe en seguros en Colorado Springs","isPartOf":{"@id":"https:\/\/mccormickmurphy.com\/#website"},"datePublished":"2023-08-08T07:29:10+00:00","dateModified":"2025-11-13T22:49:06+00:00","description":"Descubra la mala fe en seguros con McCormick &amp; Murphy, PC. Nuestro equipo lucha por sus derechos y una compensaci\u00f3n justa. Cont\u00e1ctenos para obtener asistencia legal.","breadcrumb":{"@id":"https:\/\/mccormickmurphy.com\/bad-faith\/#breadcrumb"},"inLanguage":"es","potentialAction":[{"@type":"ReadAction","target":["https:\/\/mccormickmurphy.com\/bad-faith\/"]}]},{"@type":"BreadcrumbList","@id":"https:\/\/mccormickmurphy.com\/bad-faith\/#breadcrumb","itemListElement":[{"@type":"ListItem","position":1,"name":"Home","item":"https:\/\/mccormickmurphy.com\/"},{"@type":"ListItem","position":2,"name":"Insurance Bad Faith"}]},{"@type":"WebSite","@id":"https:\/\/mccormickmurphy.com\/#website","url":"https:\/\/mccormickmurphy.com\/","name":"McCormick &amp; Murphy - Abogados de lesiones personales","description":"Abogados de lesiones personales de primer nivel en Colorado","publisher":{"@id":"https:\/\/mccormickmurphy.com\/#organization"},"potentialAction":[{"@type":"SearchAction","target":{"@type":"EntryPoint","urlTemplate":"https:\/\/mccormickmurphy.com\/?s={search_term_string}"},"query-input":"required name=search_term_string"}],"inLanguage":"es"},{"@type":"Organization","@id":"https:\/\/mccormickmurphy.com\/#organization","name":"McCormick y Murphy, PC","url":"https:\/\/mccormickmurphy.com\/","logo":{"@type":"ImageObject","inLanguage":"es","@id":"https:\/\/mccormickmurphy.com\/#\/schema\/logo\/image\/","url":"https:\/\/mccormickmurphy.com\/wp-content\/uploads\/2023\/07\/header-logo.png","contentUrl":"https:\/\/mccormickmurphy.com\/wp-content\/uploads\/2023\/07\/header-logo.png","width":261,"height":80,"caption":"McCormick & Murphy, P.C."},"image":{"@id":"https:\/\/mccormickmurphy.com\/#\/schema\/logo\/image\/"}}]}},"_links":{"self":[{"href":"https:\/\/mccormickmurphy.com\/es\/wp-json\/wp\/v2\/pages\/949","targetHints":{"allow":["GET"]}}],"collection":[{"href":"https:\/\/mccormickmurphy.com\/es\/wp-json\/wp\/v2\/pages"}],"about":[{"href":"https:\/\/mccormickmurphy.com\/es\/wp-json\/wp\/v2\/types\/page"}],"author":[{"embeddable":true,"href":"https:\/\/mccormickmurphy.com\/es\/wp-json\/wp\/v2\/users\/4"}],"replies":[{"embeddable":true,"href":"https:\/\/mccormickmurphy.com\/es\/wp-json\/wp\/v2\/comments?post=949"}],"version-history":[{"count":1,"href":"https:\/\/mccormickmurphy.com\/es\/wp-json\/wp\/v2\/pages\/949\/revisions"}],"predecessor-version":[{"id":10427,"href":"https:\/\/mccormickmurphy.com\/es\/wp-json\/wp\/v2\/pages\/949\/revisions\/10427"}],"wp:attachment":[{"href":"https:\/\/mccormickmurphy.com\/es\/wp-json\/wp\/v2\/media?parent=949"}],"curies":[{"name":"wp","href":"https:\/\/api.w.org\/{rel}","templated":true}]}}