{"id":943,"date":"2023-08-07T14:44:09","date_gmt":"2023-08-07T14:44:09","guid":{"rendered":"https:\/\/www.mccormickmurphy.com\/?page_id=943"},"modified":"2025-12-09T13:44:44","modified_gmt":"2025-12-09T20:44:44","slug":"accolades-awards","status":"publish","type":"page","link":"https:\/\/mccormickmurphy.com\/es\/hire-attorney\/accolades-awards\/","title":{"rendered":"Premios Reconocimientos"},"content":{"rendered":"<div data-elementor-type=\"wp-page\" data-elementor-id=\"943\" class=\"elementor elementor-943\" data-elementor-post-type=\"page\">\n\t\t\t\t\t\t<section class=\"elementor-section elementor-top-section elementor-element elementor-element-e6a8b93 elementor-section-boxed elementor-section-height-default elementor-section-height-default\" data-id=\"e6a8b93\" data-element_type=\"section\" data-settings=\"{&quot;background_background&quot;:&quot;classic&quot;}\" data-e-bg-lazyload=\"\">\n\t\t\t\t\t\t<div class=\"elementor-container elementor-column-gap-default\">\n\t\t\t\t\t<div class=\"elementor-column elementor-col-100 elementor-top-column elementor-element elementor-element-c093554\" data-id=\"c093554\" data-element_type=\"column\">\n\t\t\t<div class=\"elementor-widget-wrap elementor-element-populated\">\n\t\t\t\t\t\t<section class=\"elementor-section elementor-inner-section elementor-element elementor-element-ec6ab39 elementor-section-boxed elementor-section-height-default elementor-section-height-default\" data-id=\"ec6ab39\" data-element_type=\"section\">\n\t\t\t\t\t\t<div class=\"elementor-container elementor-column-gap-default\">\n\t\t\t\t\t<div class=\"elementor-column elementor-col-50 elementor-inner-column elementor-element elementor-element-56b224f\" data-id=\"56b224f\" data-element_type=\"column\">\n\t\t\t<div class=\"elementor-widget-wrap elementor-element-populated\">\n\t\t\t\t\t\t<div class=\"elementor-element elementor-element-9430105 elementor-widget elementor-widget-heading\" data-id=\"9430105\" data-element_type=\"widget\" data-widget_type=\"heading.default\">\n\t\t\t\t<div class=\"elementor-widget-container\">\n\t\t\t<style>\/*! elementor - v3.19.0 - 05-02-2024 *\/\n.elementor-heading-title{padding:0;margin:0;line-height:1}.elementor-widget-heading .elementor-heading-title[class*=elementor-size-]>a{color:inherit;font-size:inherit;line-height:inherit}.elementor-widget-heading .elementor-heading-title.elementor-size-small{font-size:15px}.elementor-widget-heading .elementor-heading-title.elementor-size-medium{font-size:19px}.elementor-widget-heading .elementor-heading-title.elementor-size-large{font-size:29px}.elementor-widget-heading .elementor-heading-title.elementor-size-xl{font-size:39px}.elementor-widget-heading .elementor-heading-title.elementor-size-xxl{font-size:59px}<\/style><h1 class=\"elementor-heading-title elementor-size-default\">Foro de defensores del mill\u00f3n de d\u00f3lares<\/h1>\t\t<\/div>\n\t\t\t\t<\/div>\n\t\t\t\t<div class=\"elementor-element elementor-element-9b0d2ab elementor-widget-divider--view-line elementor-widget elementor-widget-divider\" data-id=\"9b0d2ab\" data-element_type=\"widget\" data-widget_type=\"divider.default\">\n\t\t\t\t<div class=\"elementor-widget-container\">\n\t\t\t<style>\/*! elementor - v3.19.0 - 05-02-2024 *\/\n.elementor-widget-divider{--divider-border-style:none;--divider-border-width:1px;--divider-color:#0c0d0e;--divider-icon-size:20px;--divider-element-spacing:10px;--divider-pattern-height:24px;--divider-pattern-size:20px;--divider-pattern-url:none;--divider-pattern-repeat:repeat-x}.elementor-widget-divider .elementor-divider{display:flex}.elementor-widget-divider .elementor-divider__text{font-size:15px;line-height:1;max-width:95%}.elementor-widget-divider .elementor-divider__element{margin:0 var(--divider-element-spacing);flex-shrink:0}.elementor-widget-divider .elementor-icon{font-size:var(--divider-icon-size)}.elementor-widget-divider .elementor-divider-separator{display:flex;margin:0;direction:ltr}.elementor-widget-divider--view-line_icon .elementor-divider-separator,.elementor-widget-divider--view-line_text .elementor-divider-separator{align-items:center}.elementor-widget-divider--view-line_icon .elementor-divider-separator:after,.elementor-widget-divider--view-line_icon .elementor-divider-separator:before,.elementor-widget-divider--view-line_text .elementor-divider-separator:after,.elementor-widget-divider--view-line_text .elementor-divider-separator:before{display:block;content:\"\";border-block-end:0;flex-grow:1;border-block-start:var(--divider-border-width) var(--divider-border-style) var(--divider-color)}.elementor-widget-divider--element-align-left .elementor-divider .elementor-divider-separator>.elementor-divider__svg:first-of-type{flex-grow:0;flex-shrink:100}.elementor-widget-divider--element-align-left .elementor-divider-separator:before{content:none}.elementor-widget-divider--element-align-left .elementor-divider__element{margin-left:0}.elementor-widget-divider--element-align-right .elementor-divider .elementor-divider-separator>.elementor-divider__svg:last-of-type{flex-grow:0;flex-shrink:100}.elementor-widget-divider--element-align-right .elementor-divider-separator:after{content:none}.elementor-widget-divider--element-align-right .elementor-divider__element{margin-right:0}.elementor-widget-divider--element-align-start .elementor-divider .elementor-divider-separator>.elementor-divider__svg:first-of-type{flex-grow:0;flex-shrink:100}.elementor-widget-divider--element-align-start .elementor-divider-separator:before{content:none}.elementor-widget-divider--element-align-start .elementor-divider__element{margin-inline-start:0}.elementor-widget-divider--element-align-end .elementor-divider .elementor-divider-separator>.elementor-divider__svg:last-of-type{flex-grow:0;flex-shrink:100}.elementor-widget-divider--element-align-end .elementor-divider-separator:after{content:none}.elementor-widget-divider--element-align-end .elementor-divider__element{margin-inline-end:0}.elementor-widget-divider:not(.elementor-widget-divider--view-line_text):not(.elementor-widget-divider--view-line_icon) .elementor-divider-separator{border-block-start:var(--divider-border-width) var(--divider-border-style) var(--divider-color)}.elementor-widget-divider--separator-type-pattern{--divider-border-style:none}.elementor-widget-divider--separator-type-pattern.elementor-widget-divider--view-line .elementor-divider-separator,.elementor-widget-divider--separator-type-pattern:not(.elementor-widget-divider--view-line) .elementor-divider-separator:after,.elementor-widget-divider--separator-type-pattern:not(.elementor-widget-divider--view-line) .elementor-divider-separator:before,.elementor-widget-divider--separator-type-pattern:not([class*=elementor-widget-divider--view]) .elementor-divider-separator{width:100%;min-height:var(--divider-pattern-height);-webkit-mask-size:var(--divider-pattern-size) 100%;mask-size:var(--divider-pattern-size) 100%;-webkit-mask-repeat:var(--divider-pattern-repeat);mask-repeat:var(--divider-pattern-repeat);background-color:var(--divider-color);-webkit-mask-image:var(--divider-pattern-url);mask-image:var(--divider-pattern-url)}.elementor-widget-divider--no-spacing{--divider-pattern-size:auto}.elementor-widget-divider--bg-round{--divider-pattern-repeat:round}.rtl .elementor-widget-divider .elementor-divider__text{direction:rtl}.e-con-inner>.elementor-widget-divider,.e-con>.elementor-widget-divider{width:var(--container-widget-width,100%);--flex-grow:var(--container-widget-flex-grow)}<\/style>\t\t<div class=\"elementor-divider\">\n\t\t\t<span class=\"elementor-divider-separator\">\n\t\t\t\t\t\t<\/span>\n\t\t<\/div>\n\t\t\t\t<\/div>\n\t\t\t\t<\/div>\n\t\t\t\t\t<\/div>\n\t\t<\/div>\n\t\t\t\t<div class=\"elementor-column elementor-col-50 elementor-inner-column elementor-element elementor-element-4039689\" data-id=\"4039689\" data-element_type=\"column\">\n\t\t\t<div class=\"elementor-widget-wrap\">\n\t\t\t\t\t\t\t<\/div>\n\t\t<\/div>\n\t\t\t\t\t<\/div>\n\t\t<\/section>\n\t\t\t\t\t<\/div>\n\t\t<\/div>\n\t\t\t\t\t<\/div>\n\t\t<\/section>\n\t\t\t\t<section class=\"elementor-section elementor-top-section elementor-element elementor-element-fd9c5f0 elementor-section-boxed elementor-section-height-default elementor-section-height-default\" data-id=\"fd9c5f0\" data-element_type=\"section\">\n\t\t\t\t\t\t<div class=\"elementor-container elementor-column-gap-default\">\n\t\t\t\t\t<div class=\"elementor-column elementor-col-100 elementor-top-column elementor-element elementor-element-1c0067b\" data-id=\"1c0067b\" data-element_type=\"column\">\n\t\t\t<div class=\"elementor-widget-wrap elementor-element-populated\">\n\t\t\t\t\t\t<div class=\"elementor-element elementor-element-504f164 elementor-widget elementor-widget-text-editor\" data-id=\"504f164\" data-element_type=\"widget\" data-widget_type=\"text-editor.default\">\n\t\t\t\t<div class=\"elementor-widget-container\">\n\t\t\t<style>\/*! elementor - v3.19.0 - 05-02-2024 *\/\n.elementor-widget-text-editor.elementor-drop-cap-view-stacked .elementor-drop-cap{background-color:#69727d;color:#fff}.elementor-widget-text-editor.elementor-drop-cap-view-framed .elementor-drop-cap{color:#69727d;border:3px solid;background-color:transparent}.elementor-widget-text-editor:not(.elementor-drop-cap-view-default) .elementor-drop-cap{margin-top:8px}.elementor-widget-text-editor:not(.elementor-drop-cap-view-default) .elementor-drop-cap-letter{width:1em;height:1em}.elementor-widget-text-editor .elementor-drop-cap{float:left;text-align:center;line-height:1;font-size:50px}.elementor-widget-text-editor .elementor-drop-cap-letter{display:inline-block}<\/style>\t\t\t\t<p>Si est\u00e1 buscando un abogado de lesiones personales de Colorado Springs que lo represente despu\u00e9s de un accidente grave, es posible que se pregunte si los premios y las afiliaciones profesionales deber\u00edan influir en la decisi\u00f3n de contratar a alguien. Los premios y las afiliaciones profesionales de los abogados, como las rese\u00f1as de Google o la membres\u00eda en el Million Dollar Advocates Forum, son algunas fuentes que debe tener en cuenta. Otras cosas que debe tener en cuenta son la cantidad y los tipos de casos que el abogado ha llevado ante los jurados y los resultados de esos casos.<\/p>\t\t\t\t\t\t<\/div>\n\t\t\t\t<\/div>\n\t\t\t\t<div class=\"elementor-element elementor-element-d9c6f7c elementor-widget elementor-widget-heading\" data-id=\"d9c6f7c\" data-element_type=\"widget\" data-widget_type=\"heading.default\">\n\t\t\t\t<div class=\"elementor-widget-container\">\n\t\t\t<h2 class=\"elementor-heading-title elementor-size-default\">Foro de defensores del mill\u00f3n de d\u00f3lares<\/h2>\t\t<\/div>\n\t\t\t\t<\/div>\n\t\t\t\t<div class=\"elementor-element elementor-element-478e939 elementor-widget elementor-widget-text-editor\" data-id=\"478e939\" data-element_type=\"widget\" data-widget_type=\"text-editor.default\">\n\t\t\t\t<div class=\"elementor-widget-container\">\n\t\t\t\t\t\t\t<div id=\"div_block-419-555\" class=\"ct-div-block\"><div id=\"div_block-421-555\" class=\"ct-div-block\"><div id=\"text_block-427-555\" class=\"ct-text-block\">El Million Dollar Advocates Forum es uno de los grupos de abogados litigantes m\u00e1s prestigiosos de los Estados Unidos. La membres\u00eda est\u00e1 limitada a abogados, incluidos los abogados especializados en lesiones personales, que han ganado veredictos y acuerdos millonarios y multimillonarios para sus clientes.<\/div><div id=\"text_block-428-555\" class=\"ct-text-block\">Menos del 1 por ciento de los abogados de los Estados Unidos son miembros del Million Dollar Advocates Forum, incluido Kirk McCormick, uno de nuestros socios fundadores. Algunos de los abogados litigantes m\u00e1s conocidos del pa\u00eds son miembros del Million Dollar Advocates Forum.<\/div><\/div><div id=\"div_block-422-555\" class=\"ct-div-block\">\u00a0<\/div><\/div><div id=\"div_block-431-555\" class=\"ct-div-block\"><div id=\"text_block-433-555\" class=\"ct-text-block\">Si ha sufrido lesiones graves debido a la negligencia de otra persona, ser miembro del Million Dollar Advocates Forum es un logro profesional que deber\u00eda ser importante para usted. Debido a que los litigios por lesiones personales son complejos y pueden implicar millones de d\u00f3lares en da\u00f1os, deber\u00eda contratar a un abogado especializado en lesiones personales que haya demostrado su capacidad para lograr resultados superiores para los clientes.<\/div><\/div>\t\t\t\t\t\t<\/div>\n\t\t\t\t<\/div>\n\t\t\t\t<div class=\"elementor-element elementor-element-688ce1e elementor-widget elementor-widget-heading\" data-id=\"688ce1e\" data-element_type=\"widget\" data-widget_type=\"heading.default\">\n\t\t\t\t<div class=\"elementor-widget-container\">\n\t\t\t<h2 class=\"elementor-heading-title elementor-size-default\">Otros factores a tener en cuenta<\/h2>\t\t<\/div>\n\t\t\t\t<\/div>\n\t\t\t\t<div class=\"elementor-element elementor-element-a309bf1 elementor-widget elementor-widget-text-editor\" data-id=\"a309bf1\" data-element_type=\"widget\" data-widget_type=\"text-editor.default\">\n\t\t\t\t<div class=\"elementor-widget-container\">\n\t\t\t\t\t\t\t<div id=\"text_block-460-937\" class=\"ct-text-block\">Adem\u00e1s de estos premios y afiliaciones profesionales, es posible que desee revisar los siguientes antecedentes de un posible abogado:<\/div><div id=\"text_block-462-937\" class=\"ct-text-block\">Su abogado puede redactar una carta de demanda por lesiones personales a una compa\u00f1\u00eda de seguros y entablar negociaciones de conciliaci\u00f3n con el perito en reclamaciones. Si decide presentar una demanda por lesiones personales, su abogado preparar\u00e1 la documentaci\u00f3n necesaria para iniciar la demanda en el tribunal correspondiente.<\/div><div id=\"_rich_text-481-943\" class=\"oxy-rich-text\"><ul><li>Rese\u00f1as de Yelp<\/li><li><a href=\"https:\/\/plus.google.com\/+McCormickMurphyPCColoradoSprings\/about\" target=\"_blank\" rel=\"noopener\">Rese\u00f1as de Google+<\/a><\/li><li><a href=\"https:\/\/mccormickmurphy.com\/es\/about\/testimonial\/\">Testimonios de antiguos clientes<\/a><\/li><li><a title=\"Resultados notables\" href=\"https:\/\/mccormickmurphy.com\/es\/about\/sample-case-result\/\">Resultados obtenidos para antiguos clientes<\/a><\/li><li>Sitio web, blog y presencia en redes sociales.<\/li><\/ul><\/div><div id=\"text_block-463-937\" class=\"ct-text-block\">Contratar a un abogado especializado en lesiones personales es una decisi\u00f3n importante. Para obtener m\u00e1s informaci\u00f3n sobre c\u00f3mo contratar a un abogado especializado en lesiones personales, visite:<\/div><div id=\"_rich_text-482-943\" class=\"oxy-rich-text\"><ul><li><a title=\"Preguntas frecuentes sobre lesiones personales\" href=\"https:\/\/mccormickmurphy.com\/es\/hire-attorney\/frequently-asked-questions\/\">Preguntas frecuentes sobre la contrataci\u00f3n de un abogado<\/a><\/li><li><a title=\"Preguntas de la entrevista\" href=\"https:\/\/mccormickmurphy.com\/es\/hire-attorney\/interview-questions\/\">Preguntas que debe hacer al entrevistar a un abogado<\/a><\/li><\/ul><\/div>\t\t\t\t\t\t<\/div>\n\t\t\t\t<\/div>\n\t\t\t\t\t<\/div>\n\t\t<\/div>\n\t\t\t\t\t<\/div>\n\t\t<\/section>\n\t\t\t\t<section class=\"elementor-section elementor-top-section elementor-element elementor-element-49383ea elementor-section-boxed elementor-section-height-default elementor-section-height-default\" data-id=\"49383ea\" data-element_type=\"section\" data-settings=\"{&quot;background_background&quot;:&quot;classic&quot;}\">\n\t\t\t\t\t\t<div class=\"elementor-container elementor-column-gap-default\">\n\t\t\t\t\t<div class=\"elementor-column elementor-col-100 elementor-top-column elementor-element elementor-element-8a243b8\" data-id=\"8a243b8\" data-element_type=\"column\">\n\t\t\t<div class=\"elementor-widget-wrap elementor-element-populated\">\n\t\t\t\t\t\t<div class=\"elementor-element elementor-element-694d615 elementor-widget elementor-widget-text-editor\" data-id=\"694d615\" data-element_type=\"widget\" data-widget_type=\"text-editor.default\">\n\t\t\t\t<div class=\"elementor-widget-container\">\n\t\t\t\t\t\t\t<p><i>Descargo de responsabilidad:<\/i>\u00a0La informaci\u00f3n proporcionada en este sitio NO constituye asesoramiento legal formal. Es informaci\u00f3n legal gen\u00e9rica. Bajo ninguna circunstancia se debe confiar en la informaci\u00f3n de este sitio para decidir el curso adecuado de una acci\u00f3n legal. Siempre obtenga un asesoramiento legal formal.\u00a0<a href=\"https:\/\/mccormickmurphy.com\/es\/contact-us\/\">evaluaci\u00f3n de caso<\/a>\u00a0de un abogado autorizado si cree que podr\u00eda tener una demanda por lesiones personales.<\/p>\t\t\t\t\t\t<\/div>\n\t\t\t\t<\/div>\n\t\t\t\t\t<\/div>\n\t\t<\/div>\n\t\t\t\t\t<\/div>\n\t\t<\/section>\n\t\t\t\t<\/div>","protected":false},"excerpt":{"rendered":"<p>Foro de Defensores del Mill\u00f3n de D\u00f3lares. Si busca un abogado de lesiones personales en Colorado Springs que lo represente despu\u00e9s de un accidente grave, quiz\u00e1s se pregunte si los premios y afiliaciones profesionales deber\u00edan influir en su decisi\u00f3n de contratarlo. Los premios y afiliaciones profesionales de los abogados, como las rese\u00f1as en Google o la membres\u00eda en... <\/p>\n<p class=\"link-more\"><a href=\"https:\/\/mccormickmurphy.com\/es\/hire-attorney\/accolades-awards\/\" class=\"more-link\">Continuar leyendo<span class=\"screen-reader-text\"> \u201cPremios de reconocimiento\u201d<\/span><\/a><\/p>","protected":false},"author":4,"featured_media":0,"parent":555,"menu_order":0,"comment_status":"closed","ping_status":"closed","template":"","meta":{"footnotes":""},"class_list":["post-943","page","type-page","status-publish","hentry"],"yoast_head":"<!-- This site is optimized with the Yoast SEO Premium plugin v21.5 (Yoast SEO v21.5) - https:\/\/yoast.com\/wordpress\/plugins\/seo\/ -->\n<title>Accolades Awards | McCormick &amp; Murphy, P.C.<\/title>\n<meta name=\"description\" content=\"Discover our accolades and awards at McCormick &amp; Murphy, P.C. Recognized for excellence in legal representation. Contact us for trusted counsel.\" \/>\n<meta name=\"robots\" content=\"index, follow, max-snippet:-1, max-image-preview:large, max-video-preview:-1\" \/>\n<link rel=\"canonical\" href=\"https:\/\/mccormickmurphy.com\/es\/hire-attorney\/accolades-awards\/\" \/>\n<meta property=\"og:locale\" content=\"es_MX\" \/>\n<meta property=\"og:type\" content=\"article\" \/>\n<meta property=\"og:title\" content=\"Accolades Awards\" \/>\n<meta property=\"og:description\" content=\"Discover our accolades and awards at McCormick &amp; Murphy, P.C. Recognized for excellence in legal representation. Contact us for trusted counsel.\" \/>\n<meta property=\"og:url\" content=\"https:\/\/mccormickmurphy.com\/es\/hire-attorney\/accolades-awards\/\" \/>\n<meta property=\"og:site_name\" content=\"McCormick &amp; Murphy - Personal Injury Lawyers\" \/>\n<meta property=\"article:modified_time\" content=\"2025-12-09T20:44:44+00:00\" \/>\n<meta name=\"twitter:card\" content=\"summary_large_image\" \/>\n<meta name=\"twitter:label1\" content=\"Tiempo de lectura\" \/>\n\t<meta name=\"twitter:data1\" content=\"2 minutos\" \/>\n<script type=\"application\/ld+json\" class=\"yoast-schema-graph\">{\"@context\":\"https:\/\/schema.org\",\"@graph\":[{\"@type\":\"WebPage\",\"@id\":\"https:\/\/mccormickmurphy.com\/hire-attorney\/accolades-awards\/\",\"url\":\"https:\/\/mccormickmurphy.com\/hire-attorney\/accolades-awards\/\",\"name\":\"Accolades Awards | McCormick & Murphy, P.C.\",\"isPartOf\":{\"@id\":\"https:\/\/mccormickmurphy.com\/#website\"},\"datePublished\":\"2023-08-07T14:44:09+00:00\",\"dateModified\":\"2025-12-09T20:44:44+00:00\",\"description\":\"Discover our accolades and awards at McCormick & Murphy, P.C. Recognized for excellence in legal representation. Contact us for trusted counsel.\",\"breadcrumb\":{\"@id\":\"https:\/\/mccormickmurphy.com\/hire-attorney\/accolades-awards\/#breadcrumb\"},\"inLanguage\":\"es\",\"potentialAction\":[{\"@type\":\"ReadAction\",\"target\":[\"https:\/\/mccormickmurphy.com\/hire-attorney\/accolades-awards\/\"]}]},{\"@type\":\"BreadcrumbList\",\"@id\":\"https:\/\/mccormickmurphy.com\/hire-attorney\/accolades-awards\/#breadcrumb\",\"itemListElement\":[{\"@type\":\"ListItem\",\"position\":1,\"name\":\"Home\",\"item\":\"https:\/\/mccormickmurphy.com\/\"},{\"@type\":\"ListItem\",\"position\":2,\"name\":\"Hiring an Attorney FAQ\u2019s\",\"item\":\"https:\/\/mccormickmurphy.com\/hire-attorney\/\"},{\"@type\":\"ListItem\",\"position\":3,\"name\":\"Accolades Awards\"}]},{\"@type\":\"WebSite\",\"@id\":\"https:\/\/mccormickmurphy.com\/#website\",\"url\":\"https:\/\/mccormickmurphy.com\/\",\"name\":\"McCormick &amp; Murphy - Personal Injury Lawyers\",\"description\":\"Premier Colorado Personal Injury Lawyers\",\"publisher\":{\"@id\":\"https:\/\/mccormickmurphy.com\/#organization\"},\"potentialAction\":[{\"@type\":\"SearchAction\",\"target\":{\"@type\":\"EntryPoint\",\"urlTemplate\":\"https:\/\/mccormickmurphy.com\/?s={search_term_string}\"},\"query-input\":\"required name=search_term_string\"}],\"inLanguage\":\"es\"},{\"@type\":\"Organization\",\"@id\":\"https:\/\/mccormickmurphy.com\/#organization\",\"name\":\"McCormick & Murphy, P.C.\",\"url\":\"https:\/\/mccormickmurphy.com\/\",\"logo\":{\"@type\":\"ImageObject\",\"inLanguage\":\"es\",\"@id\":\"https:\/\/mccormickmurphy.com\/#\/schema\/logo\/image\/\",\"url\":\"https:\/\/mccormickmurphy.com\/wp-content\/uploads\/2023\/07\/header-logo.png\",\"contentUrl\":\"https:\/\/mccormickmurphy.com\/wp-content\/uploads\/2023\/07\/header-logo.png\",\"width\":261,\"height\":80,\"caption\":\"McCormick & Murphy, P.C.\"},\"image\":{\"@id\":\"https:\/\/mccormickmurphy.com\/#\/schema\/logo\/image\/\"}}]}<\/script>\n<!-- \/ Yoast SEO Premium plugin. -->","yoast_head_json":{"title":"Premios y reconocimientos | McCormick &amp; Murphy, PC","description":"Descubra nuestros reconocimientos y premios en McCormick &amp; Murphy, PC. Reconocidos por la excelencia en representaci\u00f3n legal. Cont\u00e1ctenos para obtener asesoramiento de confianza.","robots":{"index":"index","follow":"follow","max-snippet":"max-snippet:-1","max-image-preview":"max-image-preview:large","max-video-preview":"max-video-preview:-1"},"canonical":"https:\/\/mccormickmurphy.com\/es\/hire-attorney\/accolades-awards\/","og_locale":"es_MX","og_type":"article","og_title":"Accolades Awards","og_description":"Discover our accolades and awards at McCormick & Murphy, P.C. Recognized for excellence in legal representation. Contact us for trusted counsel.","og_url":"https:\/\/mccormickmurphy.com\/es\/hire-attorney\/accolades-awards\/","og_site_name":"McCormick &amp; Murphy - Personal Injury Lawyers","article_modified_time":"2025-12-09T20:44:44+00:00","twitter_card":"summary_large_image","twitter_misc":{"Tiempo de lectura":"2 minutos"},"schema":{"@context":"https:\/\/schema.org","@graph":[{"@type":"WebPage","@id":"https:\/\/mccormickmurphy.com\/hire-attorney\/accolades-awards\/","url":"https:\/\/mccormickmurphy.com\/hire-attorney\/accolades-awards\/","name":"Premios y reconocimientos | McCormick &amp; Murphy, PC","isPartOf":{"@id":"https:\/\/mccormickmurphy.com\/#website"},"datePublished":"2023-08-07T14:44:09+00:00","dateModified":"2025-12-09T20:44:44+00:00","description":"Descubra nuestros reconocimientos y premios en McCormick &amp; Murphy, PC. Reconocidos por la excelencia en representaci\u00f3n legal. Cont\u00e1ctenos para obtener asesoramiento de confianza.","breadcrumb":{"@id":"https:\/\/mccormickmurphy.com\/hire-attorney\/accolades-awards\/#breadcrumb"},"inLanguage":"es","potentialAction":[{"@type":"ReadAction","target":["https:\/\/mccormickmurphy.com\/hire-attorney\/accolades-awards\/"]}]},{"@type":"BreadcrumbList","@id":"https:\/\/mccormickmurphy.com\/hire-attorney\/accolades-awards\/#breadcrumb","itemListElement":[{"@type":"ListItem","position":1,"name":"Home","item":"https:\/\/mccormickmurphy.com\/"},{"@type":"ListItem","position":2,"name":"Hiring an Attorney FAQ\u2019s","item":"https:\/\/mccormickmurphy.com\/hire-attorney\/"},{"@type":"ListItem","position":3,"name":"Accolades Awards"}]},{"@type":"WebSite","@id":"https:\/\/mccormickmurphy.com\/#website","url":"https:\/\/mccormickmurphy.com\/","name":"McCormick &amp; Murphy - Abogados de lesiones personales","description":"Abogados de lesiones personales de primer nivel en Colorado","publisher":{"@id":"https:\/\/mccormickmurphy.com\/#organization"},"potentialAction":[{"@type":"SearchAction","target":{"@type":"EntryPoint","urlTemplate":"https:\/\/mccormickmurphy.com\/?s={search_term_string}"},"query-input":"required name=search_term_string"}],"inLanguage":"es"},{"@type":"Organization","@id":"https:\/\/mccormickmurphy.com\/#organization","name":"McCormick y Murphy, PC","url":"https:\/\/mccormickmurphy.com\/","logo":{"@type":"ImageObject","inLanguage":"es","@id":"https:\/\/mccormickmurphy.com\/#\/schema\/logo\/image\/","url":"https:\/\/mccormickmurphy.com\/wp-content\/uploads\/2023\/07\/header-logo.png","contentUrl":"https:\/\/mccormickmurphy.com\/wp-content\/uploads\/2023\/07\/header-logo.png","width":261,"height":80,"caption":"McCormick & Murphy, P.C."},"image":{"@id":"https:\/\/mccormickmurphy.com\/#\/schema\/logo\/image\/"}}]}},"_links":{"self":[{"href":"https:\/\/mccormickmurphy.com\/es\/wp-json\/wp\/v2\/pages\/943","targetHints":{"allow":["GET"]}}],"collection":[{"href":"https:\/\/mccormickmurphy.com\/es\/wp-json\/wp\/v2\/pages"}],"about":[{"href":"https:\/\/mccormickmurphy.com\/es\/wp-json\/wp\/v2\/types\/page"}],"author":[{"embeddable":true,"href":"https:\/\/mccormickmurphy.com\/es\/wp-json\/wp\/v2\/users\/4"}],"replies":[{"embeddable":true,"href":"https:\/\/mccormickmurphy.com\/es\/wp-json\/wp\/v2\/comments?post=943"}],"version-history":[{"count":3,"href":"https:\/\/mccormickmurphy.com\/es\/wp-json\/wp\/v2\/pages\/943\/revisions"}],"predecessor-version":[{"id":10592,"href":"https:\/\/mccormickmurphy.com\/es\/wp-json\/wp\/v2\/pages\/943\/revisions\/10592"}],"up":[{"embeddable":true,"href":"https:\/\/mccormickmurphy.com\/es\/wp-json\/wp\/v2\/pages\/555"}],"wp:attachment":[{"href":"https:\/\/mccormickmurphy.com\/es\/wp-json\/wp\/v2\/media?parent=943"}],"curies":[{"name":"wp","href":"https:\/\/api.w.org\/{rel}","templated":true}]}}