{"id":83,"date":"2023-03-15T18:00:23","date_gmt":"2023-03-15T18:00:23","guid":{"rendered":"https:\/\/www.mccormickmurphy.com\/?page_id=83"},"modified":"2024-02-17T22:46:40","modified_gmt":"2024-02-17T22:46:40","slug":"terms-and-conditions","status":"publish","type":"page","link":"https:\/\/mccormickmurphy.com\/es\/terms-and-conditions\/","title":{"rendered":"T\u00e9rminos y condiciones"},"content":{"rendered":"<div data-elementor-type=\"wp-page\" data-elementor-id=\"83\" class=\"elementor elementor-83\" data-elementor-post-type=\"page\">\n\t\t\t\t\t\t<section class=\"elementor-section elementor-top-section elementor-element elementor-element-76222d5 elementor-section-boxed elementor-section-height-default elementor-section-height-default\" data-id=\"76222d5\" data-element_type=\"section\">\n\t\t\t\t\t\t<div class=\"elementor-container elementor-column-gap-default\">\n\t\t\t\t\t<div class=\"elementor-column elementor-col-100 elementor-top-column elementor-element elementor-element-70ac00fc\" data-id=\"70ac00fc\" data-element_type=\"column\">\n\t\t\t<div class=\"elementor-widget-wrap elementor-element-populated\">\n\t\t\t\t\t\t<div class=\"elementor-element elementor-element-6308d565 elementor-widget elementor-widget-text-editor\" data-id=\"6308d565\" data-element_type=\"widget\" data-widget_type=\"text-editor.default\">\n\t\t\t\t<div class=\"elementor-widget-container\">\n\t\t\t<style>\/*! elementor - v3.19.0 - 05-02-2024 *\/\n.elementor-widget-text-editor.elementor-drop-cap-view-stacked .elementor-drop-cap{background-color:#69727d;color:#fff}.elementor-widget-text-editor.elementor-drop-cap-view-framed .elementor-drop-cap{color:#69727d;border:3px solid;background-color:transparent}.elementor-widget-text-editor:not(.elementor-drop-cap-view-default) .elementor-drop-cap{margin-top:8px}.elementor-widget-text-editor:not(.elementor-drop-cap-view-default) .elementor-drop-cap-letter{width:1em;height:1em}.elementor-widget-text-editor .elementor-drop-cap{float:left;text-align:center;line-height:1;font-size:50px}.elementor-widget-text-editor .elementor-drop-cap-letter{display:inline-block}<\/style>\t\t\t\t<!-- wp:paragraph -->\n<p><strong>T\u00e9rminos y condiciones<\/strong><br>\u00a0<br>Acuerdo entre el Usuario y mccormickmurphy.com<br>Bienvenido a mccormickmurphy.com. El sitio web mccormickmurphy.com (el \u201cSitio\u201d) est\u00e1 compuesto por varias p\u00e1ginas web operadas por McCormick &amp; Murphy, PC (\u201cMcCormick &amp; Murphy\u201d). mccormickmurphy.com se ofrece a usted con la condici\u00f3n de que acepte sin modificaciones los t\u00e9rminos, condiciones y avisos aqu\u00ed contenidos (los \u201cT\u00e9rminos\u201d). Su uso de mccormickmurphy.com constituye su aceptaci\u00f3n de todos estos T\u00e9rminos. Lea estos t\u00e9rminos detenidamente y conserve una copia de ellos para su referencia.<br>\u00a0<br>mccormickmurphy.com es un sitio de noticias e informaci\u00f3n.<br>\u00a0<br>Representaci\u00f3n legal nueva e informaci\u00f3n.<br>\u00a0<br><strong>Privacidad<\/strong><br>Su uso de mccormickmurphy.com est\u00e1 sujeto a la Pol\u00edtica de privacidad de McCormick &amp; Murphy. Revise nuestra Pol\u00edtica de privacidad, que tambi\u00e9n rige el Sitio e informa a los usuarios sobre nuestras pr\u00e1cticas de recopilaci\u00f3n de datos.<br>\u00a0<br><strong>Comunicaciones electr\u00f3nicas<\/strong><br>Visitar mccormickmurphy.com o enviar correos electr\u00f3nicos a McCormick &amp; Murphy constituye comunicaciones electr\u00f3nicas. Usted acepta recibir comunicaciones electr\u00f3nicas y acepta que todos los acuerdos, avisos, divulgaciones y otras comunicaciones que le proporcionamos electr\u00f3nicamente, por correo electr\u00f3nico y en el Sitio, satisfacen cualquier requisito legal de que dichas comunicaciones se realicen por escrito.<br>\u00a0<br><strong>Ni\u00f1os menores de trece a\u00f1os<\/strong><br>McCormick &amp; Murphy no recopila deliberadamente, ni en l\u00ednea ni fuera de l\u00ednea, informaci\u00f3n personal de personas menores de trece a\u00f1os. Si tiene menos de 18 a\u00f1os, puede utilizar mccormickmurphy.com solo con el permiso de un padre o tutor.<br>\u00a0<br><strong>Enlaces a sitios de terceros\/servicios de terceros<\/strong><br>mccormickmurphy.com puede contener enlaces a otros sitios web (\u201cSitios vinculados\u201d). Los Sitios vinculados no est\u00e1n bajo el control de McCormick &amp; Murphy y McCormick &amp; Murphy no es responsable del contenido de ning\u00fan Sitio vinculado, incluidos, entre otros, los enlaces contenidos en un Sitio vinculado o los cambios o actualizaciones de un Sitio vinculado. McCormick &amp; Murphy le proporciona estos enlaces solo para su conveniencia, y la inclusi\u00f3n de cualquier enlace no implica la aprobaci\u00f3n por parte de McCormick &amp; Murphy del sitio ni ninguna asociaci\u00f3n con sus operadores.<br>\u00a0<br>Algunos servicios que se ofrecen a trav\u00e9s de mccormickmurphy.com son proporcionados por sitios y organizaciones de terceros. Al utilizar cualquier producto, servicio o funcionalidad que se origine en el dominio mccormickmurphy.com, usted reconoce y acepta que McCormick &amp; Murphy puede compartir dicha informaci\u00f3n y datos con cualquier tercero con quien McCormick &amp; Murphy tenga una relaci\u00f3n contractual para proporcionar el producto, servicio o funcionalidad solicitados en nombre de los usuarios y clientes de mccormickmurphy.com.<br>\u00a0<br><strong>No se permite uso ilegal o prohibido\/propiedad intelectual<\/strong><br>Se le otorga una licencia no exclusiva, intransferible y revocable para acceder y utilizar mccormickmurphy.com estrictamente de acuerdo con estos t\u00e9rminos de uso. Como condici\u00f3n para el uso del Sitio, usted garantiza a McCormick &amp; Murphy que no utilizar\u00e1 el Sitio para ning\u00fan prop\u00f3sito que sea ilegal o est\u00e9 prohibido por estos T\u00e9rminos. No puede utilizar el Sitio de ninguna manera que pueda da\u00f1ar, deshabilitar, sobrecargar o perjudicar el Sitio o interferir con el uso y disfrute del Sitio por parte de terceros. No puede obtener ni intentar obtener ning\u00fan material o informaci\u00f3n a trav\u00e9s de ning\u00fan medio que no est\u00e9 intencionalmente disponible o provisto a trav\u00e9s del Sitio.<br>\u00a0<br>Todo el contenido incluido como parte del Servicio, como texto, gr\u00e1ficos, logotipos, im\u00e1genes, as\u00ed como la compilaci\u00f3n de los mismos y cualquier software utilizado en el Sitio, es propiedad de McCormick &amp; Murphy o sus proveedores y est\u00e1 protegido por derechos de autor y otras leyes que protegen la propiedad intelectual y los derechos de propiedad. Usted acepta observar y cumplir todos los avisos de derechos de autor y otros avisos de propiedad, leyendas u otras restricciones contenidas en dicho contenido y no realizar\u00e1 ning\u00fan cambio en los mismos.<br>\u00a0<br>No modificar\u00e1, publicar\u00e1, transmitir\u00e1, aplicar\u00e1 ingenier\u00eda inversa, participar\u00e1 en la transferencia o venta, crear\u00e1 trabajos derivados ni explotar\u00e1 de ninguna manera el contenido, total o parcial, que se encuentra en el Sitio. El contenido de McCormick &amp; Murphy no est\u00e1 destinado a la reventa. Su uso del Sitio no le da derecho a hacer ning\u00fan uso no autorizado de ning\u00fan contenido protegido y, en particular, no eliminar\u00e1 ni alterar\u00e1 ning\u00fan derecho de propiedad o aviso de atribuci\u00f3n en ning\u00fan contenido. Utilizar\u00e1 el contenido protegido \u00fanicamente para su uso personal y no har\u00e1 ning\u00fan otro uso del contenido sin el permiso expreso por escrito de McCormick &amp; Murphy y el propietario de los derechos de autor. Usted acepta que no adquiere ning\u00fan derecho de propiedad sobre ning\u00fan contenido protegido. No le otorgamos ninguna licencia, expresa o impl\u00edcita, sobre la propiedad intelectual de McCormick &amp; Murphy o nuestros licenciantes, excepto seg\u00fan lo autorizado expresamente por estos T\u00e9rminos.<br>\u00a0<br><strong>Usuarios internacionales<\/strong><br>El Servicio es controlado, operado y administrado por McCormick &amp; Murphy desde nuestras oficinas en los EE. UU. Si accede al Servicio desde una ubicaci\u00f3n fuera de los EE. UU., usted es responsable del cumplimiento de todas las leyes locales. Usted acepta que no utilizar\u00e1 el Contenido de McCormick &amp; Murphy al que acceda a trav\u00e9s de mccormickmurphy.com en ning\u00fan pa\u00eds o de ninguna manera prohibida por las leyes, restricciones o regulaciones aplicables.<br>\u00a0<br><strong>Indemnizaci\u00f3n<\/strong><br>Usted acepta indemnizar, defender y eximir de responsabilidad a McCormick &amp; Murphy, sus funcionarios, directores, empleados, agentes y terceros, por cualquier p\u00e9rdida, costo, responsabilidad y gasto (incluidos los honorarios razonables de abogados) relacionados con o que surjan de su uso o incapacidad de usar el Sitio o los servicios, cualquier publicaci\u00f3n de usuario realizada por usted, su violaci\u00f3n de cualquiera de los t\u00e9rminos de este Acuerdo o su violaci\u00f3n de cualquier derecho de un tercero, o su violaci\u00f3n de cualquier ley, norma o reglamento aplicable. McCormick &amp; Murphy se reserva el derecho, a su propio costo, de asumir la defensa y el control exclusivos de cualquier asunto que de otro modo estar\u00eda sujeto a indemnizaci\u00f3n por su parte, en cuyo caso cooperar\u00e1 plenamente con McCormick &amp; Murphy para hacer valer cualquier defensa disponible.<br>\u00a0<br><strong>Exenci\u00f3n de responsabilidad<\/strong><br>LA INFORMACI\u00d3N, EL SOFTWARE, LOS PRODUCTOS Y LOS SERVICIOS INCLUIDOS O DISPONIBLES A TRAV\u00c9S DEL SITIO PUEDEN CONTENER IMPRECISIONES O ERRORES TIPOGR\u00c1FICOS. PERI\u00d3DICAMENTE SE AGREGAN CAMBIOS A LA INFORMACI\u00d3N CONTENIDA EN ESTE DOCUMENTO. MCCORMICK &amp; MURPHY, PC Y\/O SUS PROVEEDORES PUEDEN REALIZAR MEJORAS Y\/O CAMBIOS EN EL SITIO EN CUALQUIER MOMENTO.<br>\u00a0<br>MCCORMICK &amp; MURPHY, PC Y\/O SUS PROVEEDORES NO HACEN REPRESENTACIONES SOBRE LA IDONEIDAD, CONFIABILIDAD, DISPONIBILIDAD, OPORTUNIDAD Y PRECISI\u00d3N DE LA INFORMACI\u00d3N, SOFTWARE, PRODUCTOS, SERVICIOS Y GR\u00c1FICOS RELACIONADOS CONTENIDOS EN EL SITIO PARA CUALQUIER PROP\u00d3SITO. EN LA MEDIDA M\u00c1XIMA PERMITIDA POR LA LEY APLICABLE, TODA DICHA INFORMACI\u00d3N, SOFTWARE, PRODUCTOS, SERVICIOS Y GR\u00c1FICOS RELACIONADOS SE PROPORCIONAN \u201cTAL CUAL\u201d SIN GARANT\u00cdA O CONDICI\u00d3N DE NING\u00daN TIPO. MCCORMICK &amp; MURPHY, PC Y\/O SUS PROVEEDORES POR LA PRESENTE NIEGAN TODAS LAS GARANT\u00cdAS Y CONDICIONES CON RESPECTO A ESTA INFORMACI\u00d3N, SOFTWARE, PRODUCTOS, SERVICIOS Y GR\u00c1FICOS RELACIONADOS, INCLUYENDO TODAS LAS GARANT\u00cdAS O CONDICIONES IMPL\u00cdCITAS DE COMERCIABILIDAD, IDONEIDAD PARA UN PROP\u00d3SITO PARTICULAR, T\u00cdTULO Y NO INFRACCI\u00d3N.<br>\u00a0<br>EN LA M\u00c1XIMA MEDIDA PERMITIDA POR LA LEY APLICABLE, EN NING\u00daN CASO MCCORMICK &amp; MURPHY, PC Y\/O SUS PROVEEDORES SER\u00c1N RESPONSABLES POR NING\u00daN DA\u00d1O DIRECTO, INDIRECTO, PUNITIVO, INCIDENTAL, ESPECIAL, CONSECUENTE O CUALQUIER OTRO DA\u00d1O, INCLUYENDO, SIN LIMITACI\u00d3N, DA\u00d1OS POR P\u00c9RDIDA DE USO, DATOS O BENEFICIOS, QUE SURJAN DE O EST\u00c9N RELACIONADOS DE ALGUNA MANERA CON EL USO O RENDIMIENTO DEL SITIO, CON LA DEMORA O IMPOSIBILIDAD DE USAR EL SITIO O LOS SERVICIOS RELACIONADOS, LA PRESTACI\u00d3N O FALTA DE PRESTACI\u00d3N DE SERVICIOS, O POR CUALQUIER INFORMACI\u00d3N, SOFTWARE, PRODUCTO, SERVICIOS Y GR\u00c1FICOS RELACIONADOS OBTENIDOS A TRAV\u00c9S DEL SITIO, O QUE SURJAN DEL USO DEL SITIO, YA SEA CON BASE EN UN CONTRATO, AGRAVIO, NEGLIGENCIA, RESPONSABILIDAD OBJETIVA O DE OTRO TIPO, AUNQUE MCCORMICK &amp; MURPHY, PC O CUALQUIERA DE SUS PROVEEDORES HAYA SIDO ADVERTIDO DE LA POSIBILIDAD DE DA\u00d1OS. DEBIDO A QUE ALGUNOS ESTADOS\/JURISDICCIONES NO PERMITEN LA EXCLUSI\u00d3N O LIMITACI\u00d3N DE RESPONSABILIDAD POR DA\u00d1OS DERIVADOS O INCIDENTALES, LA LIMITACI\u00d3N ANTERIOR PUEDE NO APLICARSE EN SU CASO. SI NO EST\u00c1 SATISFECHO CON ALGUNA PARTE DEL SITIO O CON ALGUNO DE ESTOS T\u00c9RMINOS DE USO, SU \u00daNICA Y EXCLUSIVA SOLUCI\u00d3N ES DEJAR DE USAR EL SITIO.<br>\u00a0<br><strong>Terminaci\u00f3n\/Restricci\u00f3n de acceso<\/strong><br>McCormick &amp; Murphy se reserva el derecho, a su exclusivo criterio, de cancelar su acceso al Sitio y a los servicios relacionados o a cualquier parte de estos en cualquier momento y sin previo aviso. En la medida m\u00e1xima permitida por la ley, este acuerdo se rige por las leyes del estado de Colorado y usted acepta la jurisdicci\u00f3n y competencia exclusivas de los tribunales de Colorado en todas las disputas que surjan o est\u00e9n relacionadas con el uso del Sitio. El uso del Sitio no est\u00e1 autorizado en ninguna jurisdicci\u00f3n que no d\u00e9 efecto a todas las disposiciones de estos T\u00e9rminos, incluida, entre otras, esta secci\u00f3n.<br>\u00a0<br>Usted acepta que no existe ninguna relaci\u00f3n de empresa conjunta, sociedad, empleo o agencia entre usted y McCormick &amp; Murphy como resultado de este acuerdo o del uso del Sitio. El cumplimiento de este acuerdo por parte de McCormick &amp; Murphy est\u00e1 sujeto a las leyes y procesos legales existentes, y nada de lo contenido en este acuerdo deroga el derecho de McCormick &amp; Murphy de cumplir con las solicitudes o requisitos gubernamentales, judiciales y de cumplimiento de la ley relacionados con su uso del Sitio o la informaci\u00f3n proporcionada a o recopilada por McCormick &amp; Murphy con respecto a dicho uso. Si se determina que alguna parte de este acuerdo es inv\u00e1lida o inaplicable de conformidad con la ley aplicable, incluidas, entre otras, las exenciones de garant\u00eda y las limitaciones de responsabilidad establecidas anteriormente, entonces la disposici\u00f3n inv\u00e1lida o inaplicable se considerar\u00e1 reemplazada por una disposici\u00f3n v\u00e1lida y aplicable que coincida lo m\u00e1s estrechamente posible con la intenci\u00f3n de la disposici\u00f3n original y el resto del acuerdo continuar\u00e1 en vigencia.<br>\u00a0<br>A menos que se especifique lo contrario en el presente documento, este acuerdo constituye el acuerdo completo entre el usuario y McCormick &amp; Murphy con respecto al Sitio y reemplaza todas las comunicaciones y propuestas anteriores o contempor\u00e1neas, ya sean electr\u00f3nicas, orales o escritas, entre el usuario y McCormick &amp; Murphy con respecto al Sitio. Una versi\u00f3n impresa de este acuerdo y de cualquier notificaci\u00f3n realizada en formato electr\u00f3nico ser\u00e1 admisible en procedimientos judiciales o administrativos basados en este acuerdo o relacionados con \u00e9l en la misma medida y sujeta a las mismas condiciones que otros documentos y registros comerciales generados y mantenidos originalmente en formato impreso. Es el deseo expreso de las partes que este acuerdo y todos los documentos relacionados se redacten en ingl\u00e9s.<br>\u00a0<br><strong>Cambios en los t\u00e9rminos<\/strong><br>McCormick &amp; Murphy se reserva el derecho, a su exclusivo criterio, de cambiar los T\u00e9rminos bajo los cuales se ofrece mccormickmurphy.com. La versi\u00f3n m\u00e1s actual de los T\u00e9rminos reemplazar\u00e1 a todas las versiones anteriores. McCormick &amp; Murphy lo alienta a revisar peri\u00f3dicamente los T\u00e9rminos para mantenerse informado de nuestras actualizaciones.<br>\u00a0<br><strong>Cont\u00e1ctenos<\/strong><br>McCormick &amp; Murphy agradece sus preguntas o comentarios con respecto a los T\u00e9rminos:<br>\u00a0<br>McCormick y Murphy, PC<br>929 Oeste de la Avenida Colorado<br>Colorado Springs, Colorado 80905<br>\u00a0<br>\u00a0<br>Direcci\u00f3n de correo electr\u00f3nico:<br>informaci\u00f3n@mccormickmurphy.com<br>\u00a0<br>N\u00famero telef\u00f3nico:<br>(719) 425-4389<br>\u00a0<br>Vigente a partir del 1 de noviembre de 2023<br>\u00a0<\/p>\n<!-- \/wp:paragraph -->\t\t\t\t\t\t<\/div>\n\t\t\t\t<\/div>\n\t\t\t\t\t<\/div>\n\t\t<\/div>\n\t\t\t\t\t<\/div>\n\t\t<\/section>\n\t\t\t\t<\/div>","protected":false},"excerpt":{"rendered":"<p>Acuerdo de T\u00e9rminos y Condiciones entre el Usuario y mccormickmurphy.com. Bienvenido a mccormickmurphy.com. El sitio web mccormickmurphy.com (el &quot;Sitio&quot;) est\u00e1 compuesto por varias p\u00e1ginas web operadas por McCormick &amp; Murphy, PC (&quot;McCormick &amp; Murphy&quot;). mccormickmurphy.com se ofrece bajo la condici\u00f3n de que acepte sin modificaciones los t\u00e9rminos, condiciones y avisos aqu\u00ed contenidos (los &quot;T\u00e9rminos&quot;). Su uso de mccormickmurphy.com constituye... <\/p>\n<p class=\"link-more\"><a href=\"https:\/\/mccormickmurphy.com\/es\/terms-and-conditions\/\" class=\"more-link\">Continuar leyendo<span class=\"screen-reader-text\"> \u201cT\u00e9rminos y Condiciones\u201d<\/span><\/a><\/p>","protected":false},"author":3,"featured_media":0,"parent":0,"menu_order":0,"comment_status":"closed","ping_status":"closed","template":"","meta":{"footnotes":""},"class_list":["post-83","page","type-page","status-publish","hentry"],"yoast_head":"<!-- This site is optimized with the Yoast SEO Premium plugin v21.5 (Yoast SEO v21.5) - https:\/\/yoast.com\/wordpress\/plugins\/seo\/ -->\n<title>Terms &amp; Conditions | McCormick &amp; Murphy<\/title>\n<meta name=\"description\" content=\"Explore our terms &amp; conditions at McCormick &amp; Murphy. Understand your rights and obligations. Contact us for legal assistance tailored to you.\" \/>\n<meta name=\"robots\" content=\"index, follow, max-snippet:-1, max-image-preview:large, max-video-preview:-1\" \/>\n<link rel=\"canonical\" href=\"https:\/\/mccormickmurphy.com\/es\/terms-and-conditions\/\" \/>\n<meta property=\"og:locale\" content=\"es_MX\" \/>\n<meta property=\"og:type\" content=\"article\" \/>\n<meta property=\"og:title\" content=\"Terms &amp; Conditions\" \/>\n<meta property=\"og:description\" content=\"Explore our terms &amp; conditions at McCormick &amp; Murphy. Understand your rights and obligations. Contact us for legal assistance tailored to you.\" \/>\n<meta property=\"og:url\" content=\"https:\/\/mccormickmurphy.com\/es\/terms-and-conditions\/\" \/>\n<meta property=\"og:site_name\" content=\"McCormick &amp; Murphy - Personal Injury Lawyers\" \/>\n<meta property=\"article:modified_time\" content=\"2024-02-17T22:46:40+00:00\" \/>\n<meta name=\"twitter:card\" content=\"summary_large_image\" \/>\n<meta name=\"twitter:label1\" content=\"Tiempo de lectura\" \/>\n\t<meta name=\"twitter:data1\" content=\"8 minutos\" \/>\n<script type=\"application\/ld+json\" class=\"yoast-schema-graph\">{\"@context\":\"https:\/\/schema.org\",\"@graph\":[{\"@type\":\"WebPage\",\"@id\":\"https:\/\/mccormickmurphy.com\/terms-and-conditions\/\",\"url\":\"https:\/\/mccormickmurphy.com\/terms-and-conditions\/\",\"name\":\"Terms & Conditions | McCormick & Murphy\",\"isPartOf\":{\"@id\":\"https:\/\/mccormickmurphy.com\/#website\"},\"datePublished\":\"2023-03-15T18:00:23+00:00\",\"dateModified\":\"2024-02-17T22:46:40+00:00\",\"description\":\"Explore our terms & conditions at McCormick & Murphy. Understand your rights and obligations. Contact us for legal assistance tailored to you.\",\"breadcrumb\":{\"@id\":\"https:\/\/mccormickmurphy.com\/terms-and-conditions\/#breadcrumb\"},\"inLanguage\":\"es\",\"potentialAction\":[{\"@type\":\"ReadAction\",\"target\":[\"https:\/\/mccormickmurphy.com\/terms-and-conditions\/\"]}]},{\"@type\":\"BreadcrumbList\",\"@id\":\"https:\/\/mccormickmurphy.com\/terms-and-conditions\/#breadcrumb\",\"itemListElement\":[{\"@type\":\"ListItem\",\"position\":1,\"name\":\"Home\",\"item\":\"https:\/\/mccormickmurphy.com\/\"},{\"@type\":\"ListItem\",\"position\":2,\"name\":\"Terms &#038; Conditions\"}]},{\"@type\":\"WebSite\",\"@id\":\"https:\/\/mccormickmurphy.com\/#website\",\"url\":\"https:\/\/mccormickmurphy.com\/\",\"name\":\"McCormick &amp; Murphy - Personal Injury Lawyers\",\"description\":\"Premier Colorado Personal Injury Lawyers\",\"publisher\":{\"@id\":\"https:\/\/mccormickmurphy.com\/#organization\"},\"potentialAction\":[{\"@type\":\"SearchAction\",\"target\":{\"@type\":\"EntryPoint\",\"urlTemplate\":\"https:\/\/mccormickmurphy.com\/?s={search_term_string}\"},\"query-input\":\"required name=search_term_string\"}],\"inLanguage\":\"es\"},{\"@type\":\"Organization\",\"@id\":\"https:\/\/mccormickmurphy.com\/#organization\",\"name\":\"McCormick & Murphy, P.C.\",\"url\":\"https:\/\/mccormickmurphy.com\/\",\"logo\":{\"@type\":\"ImageObject\",\"inLanguage\":\"es\",\"@id\":\"https:\/\/mccormickmurphy.com\/#\/schema\/logo\/image\/\",\"url\":\"https:\/\/mccormickmurphy.com\/wp-content\/uploads\/2023\/07\/header-logo.png\",\"contentUrl\":\"https:\/\/mccormickmurphy.com\/wp-content\/uploads\/2023\/07\/header-logo.png\",\"width\":261,\"height\":80,\"caption\":\"McCormick & Murphy, P.C.\"},\"image\":{\"@id\":\"https:\/\/mccormickmurphy.com\/#\/schema\/logo\/image\/\"}}]}<\/script>\n<!-- \/ Yoast SEO Premium plugin. -->","yoast_head_json":{"title":"T\u00e9rminos y condiciones | McCormick &amp; Murphy","description":"Consulte nuestros t\u00e9rminos y condiciones en McCormick &amp; Murphy. Conozca sus derechos y obligaciones. Cont\u00e1ctenos para obtener asistencia legal personalizada.","robots":{"index":"index","follow":"follow","max-snippet":"max-snippet:-1","max-image-preview":"max-image-preview:large","max-video-preview":"max-video-preview:-1"},"canonical":"https:\/\/mccormickmurphy.com\/es\/terms-and-conditions\/","og_locale":"es_MX","og_type":"article","og_title":"Terms & Conditions","og_description":"Explore our terms & conditions at McCormick & Murphy. Understand your rights and obligations. Contact us for legal assistance tailored to you.","og_url":"https:\/\/mccormickmurphy.com\/es\/terms-and-conditions\/","og_site_name":"McCormick &amp; Murphy - Personal Injury Lawyers","article_modified_time":"2024-02-17T22:46:40+00:00","twitter_card":"summary_large_image","twitter_misc":{"Tiempo de lectura":"8 minutos"},"schema":{"@context":"https:\/\/schema.org","@graph":[{"@type":"WebPage","@id":"https:\/\/mccormickmurphy.com\/terms-and-conditions\/","url":"https:\/\/mccormickmurphy.com\/terms-and-conditions\/","name":"T\u00e9rminos y condiciones | McCormick &amp; Murphy","isPartOf":{"@id":"https:\/\/mccormickmurphy.com\/#website"},"datePublished":"2023-03-15T18:00:23+00:00","dateModified":"2024-02-17T22:46:40+00:00","description":"Consulte nuestros t\u00e9rminos y condiciones en McCormick &amp; Murphy. Conozca sus derechos y obligaciones. Cont\u00e1ctenos para obtener asistencia legal personalizada.","breadcrumb":{"@id":"https:\/\/mccormickmurphy.com\/terms-and-conditions\/#breadcrumb"},"inLanguage":"es","potentialAction":[{"@type":"ReadAction","target":["https:\/\/mccormickmurphy.com\/terms-and-conditions\/"]}]},{"@type":"BreadcrumbList","@id":"https:\/\/mccormickmurphy.com\/terms-and-conditions\/#breadcrumb","itemListElement":[{"@type":"ListItem","position":1,"name":"Home","item":"https:\/\/mccormickmurphy.com\/"},{"@type":"ListItem","position":2,"name":"Terms &#038; Conditions"}]},{"@type":"WebSite","@id":"https:\/\/mccormickmurphy.com\/#website","url":"https:\/\/mccormickmurphy.com\/","name":"McCormick &amp; Murphy - Abogados de lesiones personales","description":"Abogados de lesiones personales de primer nivel en Colorado","publisher":{"@id":"https:\/\/mccormickmurphy.com\/#organization"},"potentialAction":[{"@type":"SearchAction","target":{"@type":"EntryPoint","urlTemplate":"https:\/\/mccormickmurphy.com\/?s={search_term_string}"},"query-input":"required name=search_term_string"}],"inLanguage":"es"},{"@type":"Organization","@id":"https:\/\/mccormickmurphy.com\/#organization","name":"McCormick y Murphy, PC","url":"https:\/\/mccormickmurphy.com\/","logo":{"@type":"ImageObject","inLanguage":"es","@id":"https:\/\/mccormickmurphy.com\/#\/schema\/logo\/image\/","url":"https:\/\/mccormickmurphy.com\/wp-content\/uploads\/2023\/07\/header-logo.png","contentUrl":"https:\/\/mccormickmurphy.com\/wp-content\/uploads\/2023\/07\/header-logo.png","width":261,"height":80,"caption":"McCormick & Murphy, P.C."},"image":{"@id":"https:\/\/mccormickmurphy.com\/#\/schema\/logo\/image\/"}}]}},"_links":{"self":[{"href":"https:\/\/mccormickmurphy.com\/es\/wp-json\/wp\/v2\/pages\/83","targetHints":{"allow":["GET"]}}],"collection":[{"href":"https:\/\/mccormickmurphy.com\/es\/wp-json\/wp\/v2\/pages"}],"about":[{"href":"https:\/\/mccormickmurphy.com\/es\/wp-json\/wp\/v2\/types\/page"}],"author":[{"embeddable":true,"href":"https:\/\/mccormickmurphy.com\/es\/wp-json\/wp\/v2\/users\/3"}],"replies":[{"embeddable":true,"href":"https:\/\/mccormickmurphy.com\/es\/wp-json\/wp\/v2\/comments?post=83"}],"version-history":[{"count":0,"href":"https:\/\/mccormickmurphy.com\/es\/wp-json\/wp\/v2\/pages\/83\/revisions"}],"wp:attachment":[{"href":"https:\/\/mccormickmurphy.com\/es\/wp-json\/wp\/v2\/media?parent=83"}],"curies":[{"name":"wp","href":"https:\/\/api.w.org\/{rel}","templated":true}]}}