{"id":79,"date":"2023-03-15T17:58:46","date_gmt":"2023-03-15T17:58:46","guid":{"rendered":"https:\/\/www.mccormickmurphy.com\/?page_id=79"},"modified":"2024-02-17T22:46:40","modified_gmt":"2024-02-17T22:46:40","slug":"privacy-policy","status":"publish","type":"page","link":"https:\/\/mccormickmurphy.com\/es\/privacy-policy\/","title":{"rendered":"pol\u00edtica de privacidad"},"content":{"rendered":"<div data-elementor-type=\"wp-page\" data-elementor-id=\"79\" class=\"elementor elementor-79\" data-elementor-post-type=\"page\">\n\t\t\t\t\t\t<section class=\"elementor-section elementor-top-section elementor-element elementor-element-4fe2e6af elementor-section-boxed elementor-section-height-default elementor-section-height-default\" data-id=\"4fe2e6af\" data-element_type=\"section\">\n\t\t\t\t\t\t<div class=\"elementor-container elementor-column-gap-default\">\n\t\t\t\t\t<div class=\"elementor-column elementor-col-100 elementor-top-column elementor-element elementor-element-6fcc652f\" data-id=\"6fcc652f\" data-element_type=\"column\">\n\t\t\t<div class=\"elementor-widget-wrap elementor-element-populated\">\n\t\t\t\t\t\t<div class=\"elementor-element elementor-element-78b2827a elementor-widget elementor-widget-text-editor\" data-id=\"78b2827a\" data-element_type=\"widget\" data-widget_type=\"text-editor.default\">\n\t\t\t\t<div class=\"elementor-widget-container\">\n\t\t\t<style>\/*! elementor - v3.19.0 - 05-02-2024 *\/\n.elementor-widget-text-editor.elementor-drop-cap-view-stacked .elementor-drop-cap{background-color:#69727d;color:#fff}.elementor-widget-text-editor.elementor-drop-cap-view-framed .elementor-drop-cap{color:#69727d;border:3px solid;background-color:transparent}.elementor-widget-text-editor:not(.elementor-drop-cap-view-default) .elementor-drop-cap{margin-top:8px}.elementor-widget-text-editor:not(.elementor-drop-cap-view-default) .elementor-drop-cap-letter{width:1em;height:1em}.elementor-widget-text-editor .elementor-drop-cap{float:left;text-align:center;line-height:1;font-size:50px}.elementor-widget-text-editor .elementor-drop-cap-letter{display:inline-block}<\/style>\t\t\t\t<!-- wp:paragraph -->\n<p><strong>pol\u00edtica de privacidad<\/strong><br>\u00a0<br>Proteger su informaci\u00f3n privada es nuestra prioridad. Esta Declaraci\u00f3n de privacidad se aplica a mccormickmurphy.com y McCormick &amp; Murphy, PC y rige la recopilaci\u00f3n y el uso de datos. A los efectos de esta Pol\u00edtica de privacidad, a menos que se indique lo contrario, todas las referencias a McCormick &amp; Murphy, PC incluyen mccormickmurphy.com y McCormick &amp; Murphy. El sitio web de McCormick &amp; Murphy es un sitio de noticias e informaci\u00f3n sobre representaci\u00f3n legal. Al utilizar el sitio web de McCormick &amp; Murphy, usted acepta las pr\u00e1cticas de datos descritas en esta declaraci\u00f3n.<br>\u00a0<br><strong>Recopilaci\u00f3n de su informaci\u00f3n personal<\/strong><br>Para poder brindarle mejor los productos y servicios ofrecidos, McCormick &amp; Murphy puede recopilar informaci\u00f3n de identificaci\u00f3n personal, como su:<br>\u00a0<br>\u00a0\u2013 Nombre y Apellido<br>\u00a0- Direcci\u00f3n de correo electr\u00f3nico<br>\u00a0\u2013 N\u00famero de tel\u00e9fono<br>\u00a0<br>No recopilamos ninguna informaci\u00f3n personal sobre usted a menos que nos la proporcione voluntariamente. Sin embargo, es posible que se le solicite que nos proporcione cierta informaci\u00f3n personal cuando elija utilizar ciertos productos o servicios. Estos pueden incluir: (a) registrarse para obtener una cuenta; (b) participar en un sorteo o concurso patrocinado por nosotros o uno de nuestros socios; (c) registrarse para recibir ofertas especiales de terceros seleccionados; (d) enviarnos un mensaje de correo electr\u00f3nico; (e) enviar su tarjeta de cr\u00e9dito u otra informaci\u00f3n de pago al solicitar y comprar productos y servicios. Es decir, utilizaremos su informaci\u00f3n para, entre otros, comunicarnos con usted en relaci\u00f3n con los servicios y\/o productos que nos haya solicitado. Tambi\u00e9n podemos recopilar informaci\u00f3n personal o no personal adicional en el futuro.<br>\u00a0<br><strong>Uso de su informaci\u00f3n personal<\/strong><br>McCormick &amp; Murphy recopila y utiliza su informaci\u00f3n personal para operar y brindar los servicios que ha solicitado.<br>\u00a0<br>McCormick &amp; Murphy tambi\u00e9n puede utilizar su informaci\u00f3n de identificaci\u00f3n personal para informarle sobre otros productos o servicios disponibles de McCormick &amp; Murphy y sus afiliados.<br>\u00a0<br><strong>Compartir informaci\u00f3n con terceros<\/strong><br>McCormick &amp; Murphy no vende, alquila ni arrienda sus listas de clientes a terceros.<br>\u00a0<br>McCormick &amp; Murphy puede compartir datos con socios de confianza para ayudar a realizar an\u00e1lisis estad\u00edsticos, enviarle correo electr\u00f3nico o correo postal, brindar atenci\u00f3n al cliente u organizar entregas. Todos estos terceros tienen prohibido usar su informaci\u00f3n personal excepto para brindar estos servicios a McCormick &amp; Murphy, y est\u00e1n obligados a mantener la confidencialidad de su informaci\u00f3n.<br>\u00a0<br>McCormick &amp; Murphy puede divulgar su informaci\u00f3n personal, sin previo aviso, si as\u00ed lo exige la ley o cree de buena fe que dicha acci\u00f3n es necesaria para: (a) cumplir con los edictos de la ley o cumplir con el proceso legal entregado a McCormick &amp; Murphy o el sitio; (b) proteger y defender los derechos o la propiedad de McCormick &amp; Murphy; y\/o (c) actuar en circunstancias exigentes para proteger la seguridad personal de los usuarios de McCormick &amp; Murphy o del p\u00fablico.<br>\u00a0<br><strong>Seguimiento del comportamiento del usuario<\/strong><br>McCormick &amp; Murphy puede realizar un seguimiento de los sitios web y las p\u00e1ginas que visitan nuestros usuarios dentro de McCormick &amp; Murphy, con el fin de determinar qu\u00e9 servicios de McCormick &amp; Murphy son los m\u00e1s populares. Estos datos se utilizan para ofrecer contenido y publicidad personalizados dentro de McCormick &amp; Murphy a los clientes cuyo comportamiento indica que est\u00e1n interesados en un \u00e1rea tem\u00e1tica en particular.<br>\u00a0<br><strong>Informaci\u00f3n recopilada autom\u00e1ticamente<\/strong><br>McCormick &amp; Murphy puede recopilar autom\u00e1ticamente informaci\u00f3n sobre el hardware y el software de su computadora. Esta informaci\u00f3n puede incluir: su direcci\u00f3n IP, tipo de navegador, nombres de dominio, tiempos de acceso y direcciones de sitios web de referencia. Esta informaci\u00f3n se utiliza para el funcionamiento del servicio, para mantener la calidad del servicio y para proporcionar estad\u00edsticas generales sobre el uso del sitio web de McCormick &amp; Murphy.<br>\u00a0<br><strong>Uso de Cookies<\/strong><br>El sitio web de McCormick &amp; Murphy puede utilizar \u201ccookies\u201d para ayudarle a personalizar su experiencia en l\u00ednea. Una cookie es un archivo de texto que un servidor de p\u00e1ginas web coloca en su disco duro. Las cookies no se pueden utilizar para ejecutar programas o enviar virus a su computadora. Las cookies se le asignan exclusivamente a usted y solo pueden ser le\u00eddas por un servidor web en el dominio que le emiti\u00f3 la cookie.<br>\u00a0<br>Uno de los principales prop\u00f3sitos de las cookies es proporcionar una funci\u00f3n de conveniencia para ahorrarle tiempo. El prop\u00f3sito de una cookie es informar al servidor web que ha regresado a una p\u00e1gina espec\u00edfica. Por ejemplo, si personaliza las p\u00e1ginas de McCormick &amp; Murphy o se registra en el sitio o los servicios de McCormick &amp; Murphy, una cookie ayuda a McCormick &amp; Murphy a recordar su informaci\u00f3n espec\u00edfica en visitas posteriores. Esto simplifica el proceso de registro de su informaci\u00f3n personal, como direcciones de facturaci\u00f3n, direcciones de env\u00edo, etc. Cuando regresa al mismo sitio web de McCormick &amp; Murphy, se puede recuperar la informaci\u00f3n que proporcion\u00f3 anteriormente, para que pueda usar f\u00e1cilmente las funciones de McCormick &amp; Murphy que personaliz\u00f3.<br>\u00a0<br>Tiene la posibilidad de aceptar o rechazar las cookies. La mayor\u00eda de los navegadores web aceptan autom\u00e1ticamente las cookies, pero normalmente puede modificar la configuraci\u00f3n de su navegador para rechazarlas si lo prefiere. Si elige rechazar las cookies, es posible que no pueda experimentar por completo las funciones interactivas de los servicios o sitios web de McCormick &amp; Murphy que visite.<br>\u00a0<br><strong>Campo de golf<\/strong><br>Este sitio web contiene enlaces a otros sitios. Tenga en cuenta que no somos responsables del contenido ni de las pr\u00e1cticas de privacidad de dichos sitios. Recomendamos a nuestros usuarios que tengan cuidado cuando abandonen nuestro sitio y que lean las declaraciones de privacidad de cualquier otro sitio que recopile informaci\u00f3n de identificaci\u00f3n personal.<br>\u00a0<br><strong>Seguridad de su informaci\u00f3n personal<\/strong><br>McCormick &amp; Murphy protege su informaci\u00f3n personal contra el acceso, uso o divulgaci\u00f3n no autorizados. McCormick &amp; Murphy utiliza los siguientes m\u00e9todos para este fin:<br>\u00a0<br>\u00a0\u2013 Protocolo SSL<br>\u00a0<br>Cuando se transmite informaci\u00f3n personal (como un n\u00famero de tarjeta de cr\u00e9dito) a otros sitios web, se protege mediante el uso de cifrado, como el protocolo Secure Sockets Layer (SSL).<br>\u00a0<br>Nos esforzamos por tomar las medidas de seguridad adecuadas para proteger contra el acceso no autorizado o la alteraci\u00f3n de su informaci\u00f3n personal. Lamentablemente, no se puede garantizar que ninguna transmisi\u00f3n de datos a trav\u00e9s de Internet o cualquier red inal\u00e1mbrica sea segura. Como resultado, si bien nos esforzamos por proteger su informaci\u00f3n personal, usted reconoce que: (a) existen limitaciones de seguridad y privacidad inherentes a Internet que est\u00e1n fuera de nuestro control; y (b) no se puede garantizar la seguridad, integridad y privacidad de toda la informaci\u00f3n y los datos intercambiados entre usted y nosotros a trav\u00e9s de este Sitio.<br>\u00a0<br><strong>Derecho de supresi\u00f3n<\/strong><br>Sujeto a ciertas excepciones establecidas a continuaci\u00f3n, al recibir una solicitud verificable de su parte, haremos lo siguiente:<br>\u2022 Eliminar su informaci\u00f3n personal de nuestros registros; y<br>\u2022 Ordenar a cualquier proveedor de servicios que elimine su informaci\u00f3n personal de sus registros.<br>\u00a0<br>Tenga en cuenta que es posible que no podamos cumplir con las solicitudes de eliminaci\u00f3n de su informaci\u00f3n personal si es necesario para:<br>\u2022 Completar la transacci\u00f3n para la cual se recopil\u00f3 la informaci\u00f3n personal, cumplir con los t\u00e9rminos de una garant\u00eda escrita o retiro de producto realizado de conformidad con la ley federal, proporcionar un bien o servicio solicitado por usted o razonablemente anticipado dentro del contexto de nuestra relaci\u00f3n comercial en curso con usted, o de otra manera ejecutar un contrato entre usted y nosotros;<br>\u2022 Detectar incidentes de seguridad, proteger contra actividades maliciosas, enga\u00f1osas, fraudulentas o ilegales; o procesar a los responsables de esa actividad;<br>\u2022 Depurar para identificar y reparar errores que afecten la funcionalidad prevista existente;<br>\u2022 Ejercer la libertad de expresi\u00f3n, garantizar el derecho de otro consumidor a ejercer su derecho a la libertad de expresi\u00f3n o ejercer otro derecho previsto por la ley;<br>\u2022 Cumplir con la Ley de Privacidad de las Comunicaciones Electr\u00f3nicas de California;<br>\u2022 Participar en investigaciones cient\u00edficas, hist\u00f3ricas o estad\u00edsticas p\u00fablicas o revisadas por pares en inter\u00e9s p\u00fablico que se adhieran a todas las dem\u00e1s leyes de \u00e9tica y privacidad aplicables, cuando nuestra eliminaci\u00f3n de la informaci\u00f3n probablemente imposibilite o perjudique gravemente el logro de dicha investigaci\u00f3n, siempre que hayamos obtenido su consentimiento informado;<br>\u2022 Permitir \u00fanicamente usos internos que est\u00e9n razonablemente alineados con sus expectativas en funci\u00f3n de su relaci\u00f3n con nosotros;<br>\u2022 Cumplir con una obligaci\u00f3n legal existente; o<br>\u2022 Utilizar de otro modo su informaci\u00f3n personal, internamente, de una manera legal que sea compatible con el contexto en el que usted proporcion\u00f3 la informaci\u00f3n.<br>\u00a0<br><strong>Ni\u00f1os menores de trece a\u00f1os<\/strong><br>McCormick &amp; Murphy no recopila deliberadamente informaci\u00f3n personal identificable de ni\u00f1os menores de trece a\u00f1os. Si tienes menos de trece a\u00f1os, debes pedirle permiso a tus padres o tutores para usar este sitio web.<br>\u00a0<br><strong>Comunicaciones por correo electr\u00f3nico<\/strong><br>De vez en cuando, McCormick &amp; Murphy puede comunicarse con usted por correo electr\u00f3nico con el fin de proporcionarle anuncios, ofertas promocionales, alertas, confirmaciones, encuestas y\/u otra comunicaci\u00f3n general.<br>\u00a0<br><strong>Sitios de almacenamiento de datos externos<\/strong><br>Podemos almacenar sus datos en servidores proporcionados por proveedores de alojamiento externos con quienes hemos contratado.<br>\u00a0<br><strong>Cambios a esta Declaraci\u00f3n<\/strong><br>McCormick &amp; Murphy se reserva el derecho de modificar esta Pol\u00edtica de privacidad de vez en cuando. Le notificaremos sobre cambios significativos en la forma en que tratamos la informaci\u00f3n personal envi\u00e1ndole un aviso a la direcci\u00f3n de correo electr\u00f3nico principal especificada en su cuenta, colocando un aviso destacado en nuestro sitio web y\/o actualizando cualquier informaci\u00f3n de privacidad. Su uso continuo del sitio web y\/o los Servicios disponibles despu\u00e9s de dichas modificaciones constituir\u00e1 su: (a) reconocimiento de la Pol\u00edtica de privacidad modificada; y (b) aceptaci\u00f3n de cumplir y estar sujeto a esa Pol\u00edtica.<br>\u00a0<br><strong>Informaci\u00f3n del contacto<\/strong><br>McCormick &amp; Murphy agradece sus preguntas o comentarios sobre esta Declaraci\u00f3n de privacidad. Si considera que McCormick &amp; Murphy no ha cumplido con esta Declaraci\u00f3n, comun\u00edquese con McCormick &amp; Murphy a:<br>\u00a0<br>McCormick y Murphy, PC<br>929 Oeste de la Avenida Colorado<br>Colorado Springs, Colorado 80905<br>\u00a0<br>Direcci\u00f3n de correo electr\u00f3nico:<br>informaci\u00f3n@mccormickmurphy.com<br>\u00a0<br>N\u00famero telef\u00f3nico:<br>(719) 425-4389<br>\u00a0<br>Vigente a partir del 1 de noviembre de 2023<br>\u00a0<\/p>\n<!-- \/wp:paragraph -->\t\t\t\t\t\t<\/div>\n\t\t\t\t<\/div>\n\t\t\t\t\t<\/div>\n\t\t<\/div>\n\t\t\t\t\t<\/div>\n\t\t<\/section>\n\t\t\t\t<\/div>","protected":false},"excerpt":{"rendered":"<p>Pol\u00edtica de Privacidad: Proteger su informaci\u00f3n privada es nuestra prioridad. Esta Declaraci\u00f3n de Privacidad se aplica a mccormickmurphy.com y a McCormick &amp; Murphy, PC, y rige la recopilaci\u00f3n y el uso de datos. A los efectos de esta Pol\u00edtica de Privacidad, salvo que se indique lo contrario, todas las referencias a McCormick &amp; Murphy, PC incluyen mccormickmurphy.com y McCormick &amp; Murphy. El sitio web de McCormick &amp; Murphy es\u2026 <\/p>\n<p class=\"link-more\"><a href=\"https:\/\/mccormickmurphy.com\/es\/privacy-policy\/\" class=\"more-link\">Continuar leyendo<span class=\"screen-reader-text\"> &quot;Pol\u00edtica de privacidad&quot;<\/span><\/a><\/p>","protected":false},"author":3,"featured_media":0,"parent":0,"menu_order":0,"comment_status":"closed","ping_status":"closed","template":"","meta":{"footnotes":""},"class_list":["post-79","page","type-page","status-publish","hentry"],"yoast_head":"<!-- This site is optimized with the Yoast SEO Premium plugin v21.5 (Yoast SEO v21.5) - https:\/\/yoast.com\/wordpress\/plugins\/seo\/ -->\n<title>Privacy Policy | McCormick &amp; Murphy<\/title>\n<meta name=\"description\" content=\"Review our privacy policy at McCormick &amp; Murphy. Your data protection matters to us. Contact us for trusted legal representation.\" \/>\n<meta name=\"robots\" content=\"index, follow, max-snippet:-1, max-image-preview:large, max-video-preview:-1\" \/>\n<link rel=\"canonical\" href=\"https:\/\/mccormickmurphy.com\/es\/privacy-policy\/\" \/>\n<meta property=\"og:locale\" content=\"es_MX\" \/>\n<meta property=\"og:type\" content=\"article\" \/>\n<meta property=\"og:title\" content=\"Privacy Policy\" \/>\n<meta property=\"og:description\" content=\"Review our privacy policy at McCormick &amp; Murphy. Your data protection matters to us. Contact us for trusted legal representation.\" \/>\n<meta property=\"og:url\" content=\"https:\/\/mccormickmurphy.com\/es\/privacy-policy\/\" \/>\n<meta property=\"og:site_name\" content=\"McCormick &amp; Murphy - Personal Injury Lawyers\" \/>\n<meta property=\"article:modified_time\" content=\"2024-02-17T22:46:40+00:00\" \/>\n<meta name=\"twitter:card\" content=\"summary_large_image\" \/>\n<meta name=\"twitter:label1\" content=\"Tiempo de lectura\" \/>\n\t<meta name=\"twitter:data1\" content=\"7 minutos\" \/>\n<script type=\"application\/ld+json\" class=\"yoast-schema-graph\">{\"@context\":\"https:\/\/schema.org\",\"@graph\":[{\"@type\":\"WebPage\",\"@id\":\"https:\/\/mccormickmurphy.com\/privacy-policy\/\",\"url\":\"https:\/\/mccormickmurphy.com\/privacy-policy\/\",\"name\":\"Privacy Policy | McCormick & Murphy\",\"isPartOf\":{\"@id\":\"https:\/\/mccormickmurphy.com\/#website\"},\"datePublished\":\"2023-03-15T17:58:46+00:00\",\"dateModified\":\"2024-02-17T22:46:40+00:00\",\"description\":\"Review our privacy policy at McCormick & Murphy. Your data protection matters to us. Contact us for trusted legal representation.\",\"breadcrumb\":{\"@id\":\"https:\/\/mccormickmurphy.com\/privacy-policy\/#breadcrumb\"},\"inLanguage\":\"es\",\"potentialAction\":[{\"@type\":\"ReadAction\",\"target\":[\"https:\/\/mccormickmurphy.com\/privacy-policy\/\"]}]},{\"@type\":\"BreadcrumbList\",\"@id\":\"https:\/\/mccormickmurphy.com\/privacy-policy\/#breadcrumb\",\"itemListElement\":[{\"@type\":\"ListItem\",\"position\":1,\"name\":\"Home\",\"item\":\"https:\/\/mccormickmurphy.com\/\"},{\"@type\":\"ListItem\",\"position\":2,\"name\":\"Privacy Policy\"}]},{\"@type\":\"WebSite\",\"@id\":\"https:\/\/mccormickmurphy.com\/#website\",\"url\":\"https:\/\/mccormickmurphy.com\/\",\"name\":\"McCormick &amp; Murphy - Personal Injury Lawyers\",\"description\":\"Premier Colorado Personal Injury Lawyers\",\"publisher\":{\"@id\":\"https:\/\/mccormickmurphy.com\/#organization\"},\"potentialAction\":[{\"@type\":\"SearchAction\",\"target\":{\"@type\":\"EntryPoint\",\"urlTemplate\":\"https:\/\/mccormickmurphy.com\/?s={search_term_string}\"},\"query-input\":\"required name=search_term_string\"}],\"inLanguage\":\"es\"},{\"@type\":\"Organization\",\"@id\":\"https:\/\/mccormickmurphy.com\/#organization\",\"name\":\"McCormick & Murphy, P.C.\",\"url\":\"https:\/\/mccormickmurphy.com\/\",\"logo\":{\"@type\":\"ImageObject\",\"inLanguage\":\"es\",\"@id\":\"https:\/\/mccormickmurphy.com\/#\/schema\/logo\/image\/\",\"url\":\"https:\/\/mccormickmurphy.com\/wp-content\/uploads\/2023\/07\/header-logo.png\",\"contentUrl\":\"https:\/\/mccormickmurphy.com\/wp-content\/uploads\/2023\/07\/header-logo.png\",\"width\":261,\"height\":80,\"caption\":\"McCormick & Murphy, P.C.\"},\"image\":{\"@id\":\"https:\/\/mccormickmurphy.com\/#\/schema\/logo\/image\/\"}}]}<\/script>\n<!-- \/ Yoast SEO Premium plugin. -->","yoast_head_json":{"title":"Pol\u00edtica de privacidad | McCormick &amp; Murphy","description":"Revise nuestra pol\u00edtica de privacidad en McCormick &amp; Murphy. La protecci\u00f3n de sus datos es importante para nosotros. Cont\u00e1ctenos para obtener representaci\u00f3n legal confiable.","robots":{"index":"index","follow":"follow","max-snippet":"max-snippet:-1","max-image-preview":"max-image-preview:large","max-video-preview":"max-video-preview:-1"},"canonical":"https:\/\/mccormickmurphy.com\/es\/privacy-policy\/","og_locale":"es_MX","og_type":"article","og_title":"Privacy Policy","og_description":"Review our privacy policy at McCormick & Murphy. Your data protection matters to us. Contact us for trusted legal representation.","og_url":"https:\/\/mccormickmurphy.com\/es\/privacy-policy\/","og_site_name":"McCormick &amp; Murphy - Personal Injury Lawyers","article_modified_time":"2024-02-17T22:46:40+00:00","twitter_card":"summary_large_image","twitter_misc":{"Tiempo de lectura":"7 minutos"},"schema":{"@context":"https:\/\/schema.org","@graph":[{"@type":"WebPage","@id":"https:\/\/mccormickmurphy.com\/privacy-policy\/","url":"https:\/\/mccormickmurphy.com\/privacy-policy\/","name":"Pol\u00edtica de privacidad | McCormick &amp; Murphy","isPartOf":{"@id":"https:\/\/mccormickmurphy.com\/#website"},"datePublished":"2023-03-15T17:58:46+00:00","dateModified":"2024-02-17T22:46:40+00:00","description":"Revise nuestra pol\u00edtica de privacidad en McCormick &amp; Murphy. La protecci\u00f3n de sus datos es importante para nosotros. Cont\u00e1ctenos para obtener representaci\u00f3n legal confiable.","breadcrumb":{"@id":"https:\/\/mccormickmurphy.com\/privacy-policy\/#breadcrumb"},"inLanguage":"es","potentialAction":[{"@type":"ReadAction","target":["https:\/\/mccormickmurphy.com\/privacy-policy\/"]}]},{"@type":"BreadcrumbList","@id":"https:\/\/mccormickmurphy.com\/privacy-policy\/#breadcrumb","itemListElement":[{"@type":"ListItem","position":1,"name":"Home","item":"https:\/\/mccormickmurphy.com\/"},{"@type":"ListItem","position":2,"name":"Privacy Policy"}]},{"@type":"WebSite","@id":"https:\/\/mccormickmurphy.com\/#website","url":"https:\/\/mccormickmurphy.com\/","name":"McCormick &amp; Murphy - Abogados de lesiones personales","description":"Abogados de lesiones personales de primer nivel en Colorado","publisher":{"@id":"https:\/\/mccormickmurphy.com\/#organization"},"potentialAction":[{"@type":"SearchAction","target":{"@type":"EntryPoint","urlTemplate":"https:\/\/mccormickmurphy.com\/?s={search_term_string}"},"query-input":"required name=search_term_string"}],"inLanguage":"es"},{"@type":"Organization","@id":"https:\/\/mccormickmurphy.com\/#organization","name":"McCormick y Murphy, PC","url":"https:\/\/mccormickmurphy.com\/","logo":{"@type":"ImageObject","inLanguage":"es","@id":"https:\/\/mccormickmurphy.com\/#\/schema\/logo\/image\/","url":"https:\/\/mccormickmurphy.com\/wp-content\/uploads\/2023\/07\/header-logo.png","contentUrl":"https:\/\/mccormickmurphy.com\/wp-content\/uploads\/2023\/07\/header-logo.png","width":261,"height":80,"caption":"McCormick & Murphy, P.C."},"image":{"@id":"https:\/\/mccormickmurphy.com\/#\/schema\/logo\/image\/"}}]}},"_links":{"self":[{"href":"https:\/\/mccormickmurphy.com\/es\/wp-json\/wp\/v2\/pages\/79","targetHints":{"allow":["GET"]}}],"collection":[{"href":"https:\/\/mccormickmurphy.com\/es\/wp-json\/wp\/v2\/pages"}],"about":[{"href":"https:\/\/mccormickmurphy.com\/es\/wp-json\/wp\/v2\/types\/page"}],"author":[{"embeddable":true,"href":"https:\/\/mccormickmurphy.com\/es\/wp-json\/wp\/v2\/users\/3"}],"replies":[{"embeddable":true,"href":"https:\/\/mccormickmurphy.com\/es\/wp-json\/wp\/v2\/comments?post=79"}],"version-history":[{"count":0,"href":"https:\/\/mccormickmurphy.com\/es\/wp-json\/wp\/v2\/pages\/79\/revisions"}],"wp:attachment":[{"href":"https:\/\/mccormickmurphy.com\/es\/wp-json\/wp\/v2\/media?parent=79"}],"curies":[{"name":"wp","href":"https:\/\/api.w.org\/{rel}","templated":true}]}}