{"id":563,"date":"2023-07-27T11:05:56","date_gmt":"2023-07-27T11:05:56","guid":{"rendered":"https:\/\/www.mccormickmurphy.com\/?page_id=563"},"modified":"2024-02-18T00:18:04","modified_gmt":"2024-02-18T00:18:04","slug":"distracted-driving-scholarship","status":"publish","type":"page","link":"https:\/\/mccormickmurphy.com\/es\/distracted-driving-scholarship\/","title":{"rendered":"Beca por conducci\u00f3n distra\u00edda"},"content":{"rendered":"<div data-elementor-type=\"wp-page\" data-elementor-id=\"563\" class=\"elementor elementor-563\" data-elementor-post-type=\"page\">\n\t\t\t\t\t\t<section class=\"elementor-section elementor-top-section elementor-element elementor-element-7714fba4 elementor-section-boxed elementor-section-height-default elementor-section-height-default\" data-id=\"7714fba4\" data-element_type=\"section\">\n\t\t\t\t\t\t<div class=\"elementor-container elementor-column-gap-default\">\n\t\t\t\t\t<div class=\"elementor-column elementor-col-100 elementor-top-column elementor-element elementor-element-7dd6904b\" data-id=\"7dd6904b\" data-element_type=\"column\">\n\t\t\t<div class=\"elementor-widget-wrap elementor-element-populated\">\n\t\t\t\t\t\t<div class=\"elementor-element elementor-element-466c81af elementor-widget elementor-widget-text-editor\" data-id=\"466c81af\" data-element_type=\"widget\" data-widget_type=\"text-editor.default\">\n\t\t\t\t<div class=\"elementor-widget-container\">\n\t\t\t<style>\/*! elementor - v3.19.0 - 05-02-2024 *\/\n.elementor-widget-text-editor.elementor-drop-cap-view-stacked .elementor-drop-cap{background-color:#69727d;color:#fff}.elementor-widget-text-editor.elementor-drop-cap-view-framed .elementor-drop-cap{color:#69727d;border:3px solid;background-color:transparent}.elementor-widget-text-editor:not(.elementor-drop-cap-view-default) .elementor-drop-cap{margin-top:8px}.elementor-widget-text-editor:not(.elementor-drop-cap-view-default) .elementor-drop-cap-letter{width:1em;height:1em}.elementor-widget-text-editor .elementor-drop-cap{float:left;text-align:center;line-height:1;font-size:50px}.elementor-widget-text-editor .elementor-drop-cap-letter{display:inline-block}<\/style>\t\t\t\t<!-- wp:heading -->\n<h2 class=\"wp-block-heading\">Peligros de conducir distra\u00eddo<\/h2>\n<!-- \/wp:heading -->\n\n<!-- wp:image {\"align\":\"right\",\"id\":569,\"sizeSlug\":\"full\",\"linkDestination\":\"none\"} -->\n<figure class=\"wp-block-image alignright size-full\"><img fetchpriority=\"high\" decoding=\"async\" width=\"1024\" height=\"555\" src=\"https:\/\/mccormickmurphy.com\/wp-content\/uploads\/2023\/07\/distracted-driving-scholarship-1024x555.jpg.webp\" alt=\"\" class=\"wp-image-569\" srcset=\"https:\/\/mccormickmurphy.com\/wp-content\/uploads\/2023\/07\/distracted-driving-scholarship-1024x555.jpg.webp 1024w, https:\/\/mccormickmurphy.com\/wp-content\/uploads\/2023\/07\/distracted-driving-scholarship-1024x555.jpg-300x163.webp 300w, https:\/\/mccormickmurphy.com\/wp-content\/uploads\/2023\/07\/distracted-driving-scholarship-1024x555.jpg-768x416.webp 768w\" sizes=\"(max-width: 706px) 89vw, (max-width: 767px) 82vw, 740px\" \/><\/figure>\n<!-- \/wp:image -->\n\n<!-- wp:paragraph -->\n<p>Seg\u00fan el&nbsp;<a href=\"https:\/\/www.cdc.gov\/transportationsafety\/distracted_driving\/index.html\" target=\"_blank\" rel=\"noreferrer noopener\">Centros para el Control y la Prevenci\u00f3n de Enfermedades<\/a>En Estados Unidos, nueve personas mueren cada d\u00eda en accidentes en los que, seg\u00fan se informa, est\u00e1 implicado un conductor distra\u00eddo. Adem\u00e1s, alrededor de 3.000 personas mueren cada a\u00f1o en accidentes causados por conductores ebrios.<\/p>\n<!-- \/wp:paragraph -->\n\n<!-- wp:heading -->\n<h2 class=\"wp-block-heading\">\u00bfQu\u00e9 es la conducci\u00f3n distra\u00edda?<\/h2>\n<!-- \/wp:heading -->\n\n<!-- wp:paragraph -->\n<p>La conducci\u00f3n distra\u00edda es cualquier acci\u00f3n que desv\u00ede su atenci\u00f3n de la conducci\u00f3n. Consultar el tel\u00e9fono m\u00f3vil, enviar un mensaje de texto o ingerir alimentos o bebidas son algunos ejemplos de conducci\u00f3n distra\u00edda. Estas distracciones pueden poner en peligro a usted, a sus pasajeros y a v\u00edctimas inocentes en caso de accidente.<\/p>\n<!-- \/wp:paragraph -->\n\n<!-- wp:heading -->\n<h2 class=\"wp-block-heading\">Descripci\u00f3n general de la beca<\/h2>\n<!-- \/wp:heading -->\n\n<!-- wp:paragraph -->\n<p>Nuestros abogados expertos en lesiones personales han visto la devastaci\u00f3n que pueden causar los conductores distra\u00eddos y queremos hacer todo lo posible para detenerlo.<\/p>\n<!-- \/wp:paragraph -->\n\n<!-- wp:paragraph -->\n<p>En un esfuerzo por reducir la cantidad de accidentes por conducci\u00f3n distra\u00edda en los Estados Unidos, los abogados especializados en conducci\u00f3n distra\u00edda de McCormick &amp; Murphy, PC est\u00e1n organizando un concurso de becas $500 donde un estudiante afortunado ganar\u00e1.<\/p>\n<!-- \/wp:paragraph -->\n\n<!-- wp:heading -->\n<h2 class=\"wp-block-heading\">Requisitos del ensayo<\/h2>\n<!-- \/wp:heading -->\n\n<!-- wp:paragraph -->\n<p>Nos gustar\u00eda que los estudiantes elegibles escribieran un&nbsp;<strong>Ensayo de 500 palabras<\/strong>&nbsp;sobre su experiencia con la conducci\u00f3n distra\u00edda, c\u00f3mo ha afectado sus acciones en la carretera y los pasos que recomendar\u00edan a sus amigos, familiares y comunidad a tomar para prevenir un accidente por conducci\u00f3n distra\u00edda.<\/p>\n<!-- \/wp:paragraph -->\n\n<!-- wp:list -->\n<ul><!-- wp:list-item -->\n<li>\u00bfQu\u00e9 pas\u00f3?<\/li>\n<!-- \/wp:list-item -->\n\n<!-- wp:list-item -->\n<li>\u00bfC\u00f3mo ha afectado su experiencia de conducci\u00f3n distra\u00edda a sus acciones actuales al conducir? \u00bfQu\u00e9 hace de manera diferente?<\/li>\n<!-- \/wp:list-item -->\n\n<!-- wp:list-item -->\n<li>\u00bfCu\u00e1les son los 3 pasos que recomendar\u00eda a sus amigos, familiares y comunidad para evitar un accidente por conducci\u00f3n distra\u00edda?<\/li>\n<!-- \/wp:list-item --><\/ul>\n<!-- \/wp:list -->\n\n<!-- wp:heading -->\n<h2 class=\"wp-block-heading\">\u00bfQui\u00e9n puede participar?<\/h2>\n<!-- \/wp:heading -->\n\n<!-- wp:paragraph -->\n<p>Los solicitantes deben ser estudiantes del \u00faltimo a\u00f1o de la escuela secundaria que planean asistir a una universidad de 4 a\u00f1os o a un colegio comunitario de 2 a\u00f1os O estar actualmente inscritos en una universidad de 4 a\u00f1os o un colegio comunitario de 2 a\u00f1os.&nbsp;<\/p>\n<!-- \/wp:paragraph -->\n\n<!-- wp:heading -->\n<h2 class=\"wp-block-heading\">Nuestros criterios de evaluaci\u00f3n<\/h2>\n<!-- \/wp:heading -->\n\n<!-- wp:paragraph -->\n<p>Los ensayos enviados ser\u00e1n evaluados por su organizaci\u00f3n, estilo, claridad e ideas.<\/p>\n<!-- \/wp:paragraph -->\n\n<!-- wp:heading -->\n<h2 class=\"wp-block-heading\">Fecha l\u00edmite de presentaci\u00f3n<\/h2>\n<!-- \/wp:heading -->\n\n<!-- wp:paragraph -->\n<p>Las solicitudes deben enviarse en l\u00ednea antes del 30 de abril de 2023. NO SE CONSIDERAR\u00c1N LAS SOLICITUDES TARD\u00cdAS.<\/p>\n<!-- \/wp:paragraph -->\n\n<!-- wp:heading -->\n<h2 class=\"wp-block-heading\">\u00bfCuando se anunciar\u00e1 el ganador?<\/h2>\n<!-- \/wp:heading -->\n\n<!-- wp:paragraph -->\n<p>Se seleccionar\u00e1 un ganador a m\u00e1s tardar el 15 de julio de 2023.<\/p>\n<!-- \/wp:paragraph -->\n\n<!-- wp:heading -->\n<h2 class=\"wp-block-heading\">C\u00f3mo enviar su solicitud<\/h2>\n<!-- \/wp:heading -->\n\n<!-- wp:paragraph -->\n<p><strong>Debes hacer clic en el bot\u00f3n a continuaci\u00f3n e incluir lo siguiente:<\/strong><\/p>\n<!-- \/wp:paragraph -->\n\n<!-- wp:list -->\n<ul><!-- wp:list-item -->\n<li><strong>Transcripci\u00f3n\/Comprobante de inscripci\u00f3n<\/strong><\/li>\n<!-- \/wp:list-item -->\n\n<!-- wp:list-item -->\n<li><strong>Ensayo&nbsp;<\/strong><\/li>\n<!-- \/wp:list-item -->\n\n<!-- wp:list-item -->\n<li><strong>Informaci\u00f3n del contacto<\/strong><\/li>\n<!-- \/wp:list-item --><\/ul>\n<!-- \/wp:list -->\n\n<!-- wp:paragraph {\"className\":\"apply-cont-driver\"} -->\n<p class=\"apply-cont-driver\"><a href=\"#\">Aplicar ahora<\/a><\/p>\n<!-- \/wp:paragraph -->\n\n<!-- wp:heading {\"level\":3} -->\n<h3 class=\"wp-block-heading\"><em>Acerca de McCormick &amp; Murphy, PC<\/em><\/h3>\n<!-- \/wp:heading -->\n\n<!-- wp:paragraph -->\n<p>McCormick &amp; Murphy, PC es un bufete de abogados especializado en lesiones personales de Colorado que se especializa en casos de lesiones personales, accidentes automovil\u00edsticos y mala fe de las compa\u00f1\u00edas de seguros. Actualmente tenemos oficinas en Colorado Springs y Pueblo.<\/p>\n<!-- \/wp:paragraph -->\n\n<!-- wp:paragraph -->\n<p>**<strong>Debido a la gran cantidad de presentaciones, no llame a la empresa con respecto al concurso de becas.<\/strong><\/p>\n<!-- \/wp:paragraph -->\t\t\t\t\t\t<\/div>\n\t\t\t\t<\/div>\n\t\t\t\t\t<\/div>\n\t\t<\/div>\n\t\t\t\t\t<\/div>\n\t\t<\/section>\n\t\t\t\t<\/div>","protected":false},"excerpt":{"rendered":"<p>Peligros de la conducci\u00f3n distra\u00edda. Seg\u00fan los CDC, nueve personas mueren cada d\u00eda en Estados Unidos en accidentes que, seg\u00fan se informa, involucran a un conductor distra\u00eddo. Adem\u00e1s, alrededor de 3000 personas mueren cada a\u00f1o en accidentes por conducir ebrio. \u00bfQu\u00e9 es la conducci\u00f3n distra\u00edda? La conducci\u00f3n distra\u00edda es cualquier cosa que distraiga la atenci\u00f3n del conductor. Verificar\u2026 <\/p>\n<p class=\"link-more\"><a href=\"https:\/\/mccormickmurphy.com\/es\/distracted-driving-scholarship\/\" class=\"more-link\">Continuar leyendo<span class=\"screen-reader-text\"> Beca para conductores distra\u00eddos<\/span><\/a><\/p>","protected":false},"author":4,"featured_media":0,"parent":0,"menu_order":0,"comment_status":"closed","ping_status":"closed","template":"","meta":{"footnotes":""},"class_list":["post-563","page","type-page","status-publish","hentry"],"yoast_head":"<!-- This site is optimized with the Yoast SEO Premium plugin v21.5 (Yoast SEO v21.5) - https:\/\/yoast.com\/wordpress\/plugins\/seo\/ -->\n<title>Distracted Driving Scholarship | McCormick &amp; Murphy, P.C.<\/title>\n<meta name=\"description\" content=\"Learn about our Distracted Driving Scholarship at McCormick &amp; Murphy, P.C. Supporting education and awareness for safer roads. Apply now!\" \/>\n<meta name=\"robots\" content=\"index, follow, max-snippet:-1, max-image-preview:large, max-video-preview:-1\" \/>\n<link rel=\"canonical\" href=\"https:\/\/mccormickmurphy.com\/es\/distracted-driving-scholarship\/\" \/>\n<meta property=\"og:locale\" content=\"es_MX\" \/>\n<meta property=\"og:type\" content=\"article\" \/>\n<meta property=\"og:title\" content=\"Distracted Driving Scholarship\" \/>\n<meta property=\"og:description\" content=\"Learn about our Distracted Driving Scholarship at McCormick &amp; Murphy, P.C. Supporting education and awareness for safer roads. Apply now!\" \/>\n<meta property=\"og:url\" content=\"https:\/\/mccormickmurphy.com\/es\/distracted-driving-scholarship\/\" \/>\n<meta property=\"og:site_name\" content=\"McCormick &amp; Murphy - Personal Injury Lawyers\" \/>\n<meta property=\"article:modified_time\" content=\"2024-02-18T00:18:04+00:00\" \/>\n<meta property=\"og:image\" content=\"https:\/\/mccormickmurphy.com\/wp-content\/uploads\/2023\/07\/distracted-driving-scholarship-1024x555.jpg.webp\" \/>\n<meta name=\"twitter:card\" content=\"summary_large_image\" \/>\n<meta name=\"twitter:label1\" content=\"Tiempo de lectura\" \/>\n\t<meta name=\"twitter:data1\" content=\"2 minutos\" \/>\n<script type=\"application\/ld+json\" class=\"yoast-schema-graph\">{\"@context\":\"https:\/\/schema.org\",\"@graph\":[{\"@type\":\"WebPage\",\"@id\":\"https:\/\/mccormickmurphy.com\/distracted-driving-scholarship\/\",\"url\":\"https:\/\/mccormickmurphy.com\/distracted-driving-scholarship\/\",\"name\":\"Distracted Driving Scholarship | McCormick & Murphy, P.C.\",\"isPartOf\":{\"@id\":\"https:\/\/mccormickmurphy.com\/#website\"},\"datePublished\":\"2023-07-27T11:05:56+00:00\",\"dateModified\":\"2024-02-18T00:18:04+00:00\",\"description\":\"Learn about our Distracted Driving Scholarship at McCormick & Murphy, P.C. Supporting education and awareness for safer roads. Apply now!\",\"breadcrumb\":{\"@id\":\"https:\/\/mccormickmurphy.com\/distracted-driving-scholarship\/#breadcrumb\"},\"inLanguage\":\"es\",\"potentialAction\":[{\"@type\":\"ReadAction\",\"target\":[\"https:\/\/mccormickmurphy.com\/distracted-driving-scholarship\/\"]}]},{\"@type\":\"BreadcrumbList\",\"@id\":\"https:\/\/mccormickmurphy.com\/distracted-driving-scholarship\/#breadcrumb\",\"itemListElement\":[{\"@type\":\"ListItem\",\"position\":1,\"name\":\"Home\",\"item\":\"https:\/\/mccormickmurphy.com\/\"},{\"@type\":\"ListItem\",\"position\":2,\"name\":\"Distracted Driving Scholarship\"}]},{\"@type\":\"WebSite\",\"@id\":\"https:\/\/mccormickmurphy.com\/#website\",\"url\":\"https:\/\/mccormickmurphy.com\/\",\"name\":\"McCormick &amp; Murphy - Personal Injury Lawyers\",\"description\":\"Premier Colorado Personal Injury Lawyers\",\"publisher\":{\"@id\":\"https:\/\/mccormickmurphy.com\/#organization\"},\"potentialAction\":[{\"@type\":\"SearchAction\",\"target\":{\"@type\":\"EntryPoint\",\"urlTemplate\":\"https:\/\/mccormickmurphy.com\/?s={search_term_string}\"},\"query-input\":\"required name=search_term_string\"}],\"inLanguage\":\"es\"},{\"@type\":\"Organization\",\"@id\":\"https:\/\/mccormickmurphy.com\/#organization\",\"name\":\"McCormick & Murphy, P.C.\",\"url\":\"https:\/\/mccormickmurphy.com\/\",\"logo\":{\"@type\":\"ImageObject\",\"inLanguage\":\"es\",\"@id\":\"https:\/\/mccormickmurphy.com\/#\/schema\/logo\/image\/\",\"url\":\"https:\/\/mccormickmurphy.com\/wp-content\/uploads\/2023\/07\/header-logo.png\",\"contentUrl\":\"https:\/\/mccormickmurphy.com\/wp-content\/uploads\/2023\/07\/header-logo.png\",\"width\":261,\"height\":80,\"caption\":\"McCormick & Murphy, P.C.\"},\"image\":{\"@id\":\"https:\/\/mccormickmurphy.com\/#\/schema\/logo\/image\/\"}}]}<\/script>\n<!-- \/ Yoast SEO Premium plugin. -->","yoast_head_json":{"title":"Beca para conductores distra\u00eddos | McCormick &amp; Murphy, PC.","description":"Inf\u00f3rmate sobre nuestra Beca para la Conducci\u00f3n Distra\u00edda en McCormick &amp; Murphy, PC. Apoyamos la educaci\u00f3n y la concientizaci\u00f3n para unas carreteras m\u00e1s seguras. \u00a1Solicita ya!","robots":{"index":"index","follow":"follow","max-snippet":"max-snippet:-1","max-image-preview":"max-image-preview:large","max-video-preview":"max-video-preview:-1"},"canonical":"https:\/\/mccormickmurphy.com\/es\/distracted-driving-scholarship\/","og_locale":"es_MX","og_type":"article","og_title":"Distracted Driving Scholarship","og_description":"Learn about our Distracted Driving Scholarship at McCormick & Murphy, P.C. Supporting education and awareness for safer roads. Apply now!","og_url":"https:\/\/mccormickmurphy.com\/es\/distracted-driving-scholarship\/","og_site_name":"McCormick &amp; Murphy - Personal Injury Lawyers","article_modified_time":"2024-02-18T00:18:04+00:00","og_image":[{"url":"https:\/\/mccormickmurphy.com\/wp-content\/uploads\/2023\/07\/distracted-driving-scholarship-1024x555.jpg.webp"}],"twitter_card":"summary_large_image","twitter_misc":{"Tiempo de lectura":"2 minutos"},"schema":{"@context":"https:\/\/schema.org","@graph":[{"@type":"WebPage","@id":"https:\/\/mccormickmurphy.com\/distracted-driving-scholarship\/","url":"https:\/\/mccormickmurphy.com\/distracted-driving-scholarship\/","name":"Beca para conductores distra\u00eddos | McCormick &amp; Murphy, PC.","isPartOf":{"@id":"https:\/\/mccormickmurphy.com\/#website"},"datePublished":"2023-07-27T11:05:56+00:00","dateModified":"2024-02-18T00:18:04+00:00","description":"Inf\u00f3rmate sobre nuestra Beca para la Conducci\u00f3n Distra\u00edda en McCormick &amp; Murphy, PC. Apoyamos la educaci\u00f3n y la concientizaci\u00f3n para unas carreteras m\u00e1s seguras. \u00a1Solicita ya!","breadcrumb":{"@id":"https:\/\/mccormickmurphy.com\/distracted-driving-scholarship\/#breadcrumb"},"inLanguage":"es","potentialAction":[{"@type":"ReadAction","target":["https:\/\/mccormickmurphy.com\/distracted-driving-scholarship\/"]}]},{"@type":"BreadcrumbList","@id":"https:\/\/mccormickmurphy.com\/distracted-driving-scholarship\/#breadcrumb","itemListElement":[{"@type":"ListItem","position":1,"name":"Home","item":"https:\/\/mccormickmurphy.com\/"},{"@type":"ListItem","position":2,"name":"Distracted Driving Scholarship"}]},{"@type":"WebSite","@id":"https:\/\/mccormickmurphy.com\/#website","url":"https:\/\/mccormickmurphy.com\/","name":"McCormick &amp; Murphy - Abogados de lesiones personales","description":"Abogados de lesiones personales de primer nivel en Colorado","publisher":{"@id":"https:\/\/mccormickmurphy.com\/#organization"},"potentialAction":[{"@type":"SearchAction","target":{"@type":"EntryPoint","urlTemplate":"https:\/\/mccormickmurphy.com\/?s={search_term_string}"},"query-input":"required name=search_term_string"}],"inLanguage":"es"},{"@type":"Organization","@id":"https:\/\/mccormickmurphy.com\/#organization","name":"McCormick y Murphy, PC","url":"https:\/\/mccormickmurphy.com\/","logo":{"@type":"ImageObject","inLanguage":"es","@id":"https:\/\/mccormickmurphy.com\/#\/schema\/logo\/image\/","url":"https:\/\/mccormickmurphy.com\/wp-content\/uploads\/2023\/07\/header-logo.png","contentUrl":"https:\/\/mccormickmurphy.com\/wp-content\/uploads\/2023\/07\/header-logo.png","width":261,"height":80,"caption":"McCormick & Murphy, P.C."},"image":{"@id":"https:\/\/mccormickmurphy.com\/#\/schema\/logo\/image\/"}}]}},"_links":{"self":[{"href":"https:\/\/mccormickmurphy.com\/es\/wp-json\/wp\/v2\/pages\/563","targetHints":{"allow":["GET"]}}],"collection":[{"href":"https:\/\/mccormickmurphy.com\/es\/wp-json\/wp\/v2\/pages"}],"about":[{"href":"https:\/\/mccormickmurphy.com\/es\/wp-json\/wp\/v2\/types\/page"}],"author":[{"embeddable":true,"href":"https:\/\/mccormickmurphy.com\/es\/wp-json\/wp\/v2\/users\/4"}],"replies":[{"embeddable":true,"href":"https:\/\/mccormickmurphy.com\/es\/wp-json\/wp\/v2\/comments?post=563"}],"version-history":[{"count":0,"href":"https:\/\/mccormickmurphy.com\/es\/wp-json\/wp\/v2\/pages\/563\/revisions"}],"wp:attachment":[{"href":"https:\/\/mccormickmurphy.com\/es\/wp-json\/wp\/v2\/media?parent=563"}],"curies":[{"name":"wp","href":"https:\/\/api.w.org\/{rel}","templated":true}]}}