{"id":2488,"date":"2024-01-17T11:01:14","date_gmt":"2024-01-17T11:01:14","guid":{"rendered":"https:\/\/www.mccormickmurphy.com\/?page_id=2488"},"modified":"2024-04-05T10:55:26","modified_gmt":"2024-04-05T10:55:26","slug":"thankyou-lp","status":"publish","type":"page","link":"https:\/\/mccormickmurphy.com\/es\/thankyou-lp\/","title":{"rendered":"Gracias LP"},"content":{"rendered":"<div data-elementor-type=\"wp-page\" data-elementor-id=\"2488\" class=\"elementor elementor-2488\" data-elementor-post-type=\"page\">\n\t\t\t\t\t\t<section class=\"elementor-section elementor-top-section elementor-element elementor-element-bce895d elementor-section-boxed elementor-section-height-default elementor-section-height-default\" data-id=\"bce895d\" data-element_type=\"section\">\n\t\t\t\t\t\t<div class=\"elementor-container elementor-column-gap-default\">\n\t\t\t\t\t<div class=\"elementor-column elementor-col-100 elementor-top-column elementor-element elementor-element-838b193\" data-id=\"838b193\" data-element_type=\"column\">\n\t\t\t<div class=\"elementor-widget-wrap elementor-element-populated\">\n\t\t\t\t\t\t<div class=\"elementor-element elementor-element-0940bc6 elementor-widget elementor-widget-heading\" data-id=\"0940bc6\" data-element_type=\"widget\" data-widget_type=\"heading.default\">\n\t\t\t\t<div class=\"elementor-widget-container\">\n\t\t\t<style>\/*! elementor - v3.19.0 - 05-02-2024 *\/\n.elementor-heading-title{padding:0;margin:0;line-height:1}.elementor-widget-heading .elementor-heading-title[class*=elementor-size-]>a{color:inherit;font-size:inherit;line-height:inherit}.elementor-widget-heading .elementor-heading-title.elementor-size-small{font-size:15px}.elementor-widget-heading .elementor-heading-title.elementor-size-medium{font-size:19px}.elementor-widget-heading .elementor-heading-title.elementor-size-large{font-size:29px}.elementor-widget-heading .elementor-heading-title.elementor-size-xl{font-size:39px}.elementor-widget-heading .elementor-heading-title.elementor-size-xxl{font-size:59px}<\/style><h2 class=\"elementor-heading-title elementor-size-default\">Gracias por consultarnos<\/h2>\t\t<\/div>\n\t\t\t\t<\/div>\n\t\t\t\t<div class=\"elementor-element elementor-element-46ab219 elementor-widget elementor-widget-text-editor\" data-id=\"46ab219\" data-element_type=\"widget\" data-widget_type=\"text-editor.default\">\n\t\t\t\t<div class=\"elementor-widget-container\">\n\t\t\t<style>\/*! elementor - v3.19.0 - 05-02-2024 *\/\n.elementor-widget-text-editor.elementor-drop-cap-view-stacked .elementor-drop-cap{background-color:#69727d;color:#fff}.elementor-widget-text-editor.elementor-drop-cap-view-framed .elementor-drop-cap{color:#69727d;border:3px solid;background-color:transparent}.elementor-widget-text-editor:not(.elementor-drop-cap-view-default) .elementor-drop-cap{margin-top:8px}.elementor-widget-text-editor:not(.elementor-drop-cap-view-default) .elementor-drop-cap-letter{width:1em;height:1em}.elementor-widget-text-editor .elementor-drop-cap{float:left;text-align:center;line-height:1;font-size:50px}.elementor-widget-text-editor .elementor-drop-cap-letter{display:inline-block}<\/style>\t\t\t\t<p>Para que un profesional legal calificado de McCormick &amp; Murphy revise su caso de lesiones por accidente, env\u00edenos un correo electr\u00f3nico completando el breve formulario a continuaci\u00f3n. Si prefiere hablar por tel\u00e9fono, no dude en llamarnos en cualquier momento, las 24 horas, los 7 d\u00edas de la semana, al (719)800-9407.<\/p>\t\t\t\t\t\t<\/div>\n\t\t\t\t<\/div>\n\t\t\t\t\t<\/div>\n\t\t<\/div>\n\t\t\t\t\t<\/div>\n\t\t<\/section>\n\t\t\t\t<\/div>","protected":false},"excerpt":{"rendered":"<p>Gracias por contactarnos. Para que un profesional legal calificado de McCormick &amp; Murphy revise su caso de lesiones por accidente, env\u00edenos un correo electr\u00f3nico completando el breve formulario a continuaci\u00f3n. Si prefiere hablar por tel\u00e9fono, no dude en llamarnos en cualquier momento, las 24 horas, los 7 d\u00edas de la semana, al (719)800-9407.<\/p>","protected":false},"author":8,"featured_media":0,"parent":0,"menu_order":0,"comment_status":"closed","ping_status":"closed","template":"","meta":{"footnotes":""},"class_list":["post-2488","page","type-page","status-publish","hentry"],"yoast_head":"<!-- This site is optimized with the Yoast SEO Premium plugin v21.5 (Yoast SEO v21.5) - https:\/\/yoast.com\/wordpress\/plugins\/seo\/ -->\n<title>Thank You LP<\/title>\n<meta name=\"robots\" content=\"noindex, follow\" \/>\n<meta property=\"og:locale\" content=\"es_MX\" \/>\n<meta property=\"og:type\" content=\"article\" \/>\n<meta property=\"og:title\" content=\"Thank You LP\" \/>\n<meta property=\"og:description\" content=\"Thank You For Inquiring With Us To have your accident injury case reviewed by a qualified legal professional at McCormick &amp; Murphy, please email us by completing the short form below. If you prefer to speak on the phone, please don\u2019t hesitate to call us anytime, 24\/7 at (719)800-9407.\" \/>\n<meta property=\"og:url\" content=\"https:\/\/mccormickmurphy.com\/es\/thankyou-lp\/\" \/>\n<meta property=\"og:site_name\" content=\"McCormick &amp; Murphy - Personal Injury Lawyers\" \/>\n<meta property=\"article:modified_time\" content=\"2024-04-05T10:55:26+00:00\" \/>\n<meta name=\"twitter:card\" content=\"summary_large_image\" \/>\n<meta name=\"twitter:label1\" content=\"Tiempo de lectura\" \/>\n\t<meta name=\"twitter:data1\" content=\"1 minuto\" \/>\n<script type=\"application\/ld+json\" class=\"yoast-schema-graph\">{\"@context\":\"https:\/\/schema.org\",\"@graph\":[{\"@type\":\"WebPage\",\"@id\":\"https:\/\/mccormickmurphy.com\/thankyou-lp\/\",\"url\":\"https:\/\/mccormickmurphy.com\/thankyou-lp\/\",\"name\":\"Thank You LP\",\"isPartOf\":{\"@id\":\"https:\/\/mccormickmurphy.com\/#website\"},\"datePublished\":\"2024-01-17T11:01:14+00:00\",\"dateModified\":\"2024-04-05T10:55:26+00:00\",\"breadcrumb\":{\"@id\":\"https:\/\/mccormickmurphy.com\/thankyou-lp\/#breadcrumb\"},\"inLanguage\":\"es\",\"potentialAction\":[{\"@type\":\"ReadAction\",\"target\":[\"https:\/\/mccormickmurphy.com\/thankyou-lp\/\"]}]},{\"@type\":\"BreadcrumbList\",\"@id\":\"https:\/\/mccormickmurphy.com\/thankyou-lp\/#breadcrumb\",\"itemListElement\":[{\"@type\":\"ListItem\",\"position\":1,\"name\":\"Home\",\"item\":\"https:\/\/mccormickmurphy.com\/\"},{\"@type\":\"ListItem\",\"position\":2,\"name\":\"Thank You LP\"}]},{\"@type\":\"WebSite\",\"@id\":\"https:\/\/mccormickmurphy.com\/#website\",\"url\":\"https:\/\/mccormickmurphy.com\/\",\"name\":\"McCormick &amp; Murphy - Personal Injury Lawyers\",\"description\":\"Premier Colorado Personal Injury Lawyers\",\"publisher\":{\"@id\":\"https:\/\/mccormickmurphy.com\/#organization\"},\"potentialAction\":[{\"@type\":\"SearchAction\",\"target\":{\"@type\":\"EntryPoint\",\"urlTemplate\":\"https:\/\/mccormickmurphy.com\/?s={search_term_string}\"},\"query-input\":\"required name=search_term_string\"}],\"inLanguage\":\"es\"},{\"@type\":\"Organization\",\"@id\":\"https:\/\/mccormickmurphy.com\/#organization\",\"name\":\"McCormick & Murphy, P.C.\",\"url\":\"https:\/\/mccormickmurphy.com\/\",\"logo\":{\"@type\":\"ImageObject\",\"inLanguage\":\"es\",\"@id\":\"https:\/\/mccormickmurphy.com\/#\/schema\/logo\/image\/\",\"url\":\"https:\/\/mccormickmurphy.com\/wp-content\/uploads\/2023\/07\/header-logo.png\",\"contentUrl\":\"https:\/\/mccormickmurphy.com\/wp-content\/uploads\/2023\/07\/header-logo.png\",\"width\":261,\"height\":80,\"caption\":\"McCormick & Murphy, P.C.\"},\"image\":{\"@id\":\"https:\/\/mccormickmurphy.com\/#\/schema\/logo\/image\/\"}}]}<\/script>\n<!-- \/ Yoast SEO Premium plugin. -->","yoast_head_json":{"title":"Gracias LP","robots":{"index":"noindex","follow":"follow"},"og_locale":"es_MX","og_type":"article","og_title":"Thank You LP","og_description":"Thank You For Inquiring With Us To have your accident injury case reviewed by a qualified legal professional at McCormick &amp; Murphy, please email us by completing the short form below. If you prefer to speak on the phone, please don\u2019t hesitate to call us anytime, 24\/7 at (719)800-9407.","og_url":"https:\/\/mccormickmurphy.com\/es\/thankyou-lp\/","og_site_name":"McCormick &amp; Murphy - Personal Injury Lawyers","article_modified_time":"2024-04-05T10:55:26+00:00","twitter_card":"summary_large_image","twitter_misc":{"Tiempo de lectura":"1 minuto"},"schema":{"@context":"https:\/\/schema.org","@graph":[{"@type":"WebPage","@id":"https:\/\/mccormickmurphy.com\/thankyou-lp\/","url":"https:\/\/mccormickmurphy.com\/thankyou-lp\/","name":"Gracias LP","isPartOf":{"@id":"https:\/\/mccormickmurphy.com\/#website"},"datePublished":"2024-01-17T11:01:14+00:00","dateModified":"2024-04-05T10:55:26+00:00","breadcrumb":{"@id":"https:\/\/mccormickmurphy.com\/thankyou-lp\/#breadcrumb"},"inLanguage":"es","potentialAction":[{"@type":"ReadAction","target":["https:\/\/mccormickmurphy.com\/thankyou-lp\/"]}]},{"@type":"BreadcrumbList","@id":"https:\/\/mccormickmurphy.com\/thankyou-lp\/#breadcrumb","itemListElement":[{"@type":"ListItem","position":1,"name":"Home","item":"https:\/\/mccormickmurphy.com\/"},{"@type":"ListItem","position":2,"name":"Thank You LP"}]},{"@type":"WebSite","@id":"https:\/\/mccormickmurphy.com\/#website","url":"https:\/\/mccormickmurphy.com\/","name":"McCormick &amp; Murphy - Abogados de lesiones personales","description":"Abogados de lesiones personales de primer nivel en Colorado","publisher":{"@id":"https:\/\/mccormickmurphy.com\/#organization"},"potentialAction":[{"@type":"SearchAction","target":{"@type":"EntryPoint","urlTemplate":"https:\/\/mccormickmurphy.com\/?s={search_term_string}"},"query-input":"required name=search_term_string"}],"inLanguage":"es"},{"@type":"Organization","@id":"https:\/\/mccormickmurphy.com\/#organization","name":"McCormick y Murphy, PC","url":"https:\/\/mccormickmurphy.com\/","logo":{"@type":"ImageObject","inLanguage":"es","@id":"https:\/\/mccormickmurphy.com\/#\/schema\/logo\/image\/","url":"https:\/\/mccormickmurphy.com\/wp-content\/uploads\/2023\/07\/header-logo.png","contentUrl":"https:\/\/mccormickmurphy.com\/wp-content\/uploads\/2023\/07\/header-logo.png","width":261,"height":80,"caption":"McCormick & Murphy, P.C."},"image":{"@id":"https:\/\/mccormickmurphy.com\/#\/schema\/logo\/image\/"}}]}},"_links":{"self":[{"href":"https:\/\/mccormickmurphy.com\/es\/wp-json\/wp\/v2\/pages\/2488","targetHints":{"allow":["GET"]}}],"collection":[{"href":"https:\/\/mccormickmurphy.com\/es\/wp-json\/wp\/v2\/pages"}],"about":[{"href":"https:\/\/mccormickmurphy.com\/es\/wp-json\/wp\/v2\/types\/page"}],"author":[{"embeddable":true,"href":"https:\/\/mccormickmurphy.com\/es\/wp-json\/wp\/v2\/users\/8"}],"replies":[{"embeddable":true,"href":"https:\/\/mccormickmurphy.com\/es\/wp-json\/wp\/v2\/comments?post=2488"}],"version-history":[{"count":0,"href":"https:\/\/mccormickmurphy.com\/es\/wp-json\/wp\/v2\/pages\/2488\/revisions"}],"wp:attachment":[{"href":"https:\/\/mccormickmurphy.com\/es\/wp-json\/wp\/v2\/media?parent=2488"}],"curies":[{"name":"wp","href":"https:\/\/api.w.org\/{rel}","templated":true}]}}