{"id":195,"date":"2023-07-13T09:14:26","date_gmt":"2023-07-13T09:14:26","guid":{"rendered":"https:\/\/www.mccormickmurphy.com\/?page_id=195"},"modified":"2025-06-04T06:31:36","modified_gmt":"2025-06-04T12:31:36","slug":"kirk-mccormick","status":"publish","type":"page","link":"https:\/\/mccormickmurphy.com\/es\/about\/kirk-mccormick\/","title":{"rendered":"Kirk McCormick"},"content":{"rendered":"<div data-elementor-type=\"wp-page\" data-elementor-id=\"195\" class=\"elementor elementor-195\" data-elementor-post-type=\"page\">\n\t\t\t\t\t\t<section class=\"elementor-section elementor-top-section elementor-element elementor-element-4b611f8 elementor-section-boxed elementor-section-height-default elementor-section-height-default\" data-id=\"4b611f8\" data-element_type=\"section\" data-settings=\"{&quot;background_background&quot;:&quot;classic&quot;}\" data-e-bg-lazyload=\"\">\n\t\t\t\t\t\t<div class=\"elementor-container elementor-column-gap-default\">\n\t\t\t\t\t<div class=\"elementor-column elementor-col-100 elementor-top-column elementor-element elementor-element-4720516\" data-id=\"4720516\" data-element_type=\"column\">\n\t\t\t<div class=\"elementor-widget-wrap elementor-element-populated\">\n\t\t\t\t\t\t<section class=\"elementor-section elementor-inner-section elementor-element elementor-element-1202dc3 elementor-section-boxed elementor-section-height-default elementor-section-height-default\" data-id=\"1202dc3\" data-element_type=\"section\">\n\t\t\t\t\t\t<div class=\"elementor-container elementor-column-gap-default\">\n\t\t\t\t\t<div class=\"elementor-column elementor-col-50 elementor-inner-column elementor-element elementor-element-b0b0cfc\" data-id=\"b0b0cfc\" data-element_type=\"column\">\n\t\t\t<div class=\"elementor-widget-wrap elementor-element-populated\">\n\t\t\t\t\t\t<div class=\"elementor-element elementor-element-a73ae65 elementor-widget elementor-widget-heading\" data-id=\"a73ae65\" data-element_type=\"widget\" data-widget_type=\"heading.default\">\n\t\t\t\t<div class=\"elementor-widget-container\">\n\t\t\t<style>\/*! elementor - v3.19.0 - 05-02-2024 *\/\n.elementor-heading-title{padding:0;margin:0;line-height:1}.elementor-widget-heading .elementor-heading-title[class*=elementor-size-]>a{color:inherit;font-size:inherit;line-height:inherit}.elementor-widget-heading .elementor-heading-title.elementor-size-small{font-size:15px}.elementor-widget-heading .elementor-heading-title.elementor-size-medium{font-size:19px}.elementor-widget-heading .elementor-heading-title.elementor-size-large{font-size:29px}.elementor-widget-heading .elementor-heading-title.elementor-size-xl{font-size:39px}.elementor-widget-heading .elementor-heading-title.elementor-size-xxl{font-size:59px}<\/style><h1 class=\"elementor-heading-title elementor-size-default\">Kirk McCormick<\/h1>\t\t<\/div>\n\t\t\t\t<\/div>\n\t\t\t\t<div class=\"elementor-element elementor-element-04dfdf3 elementor-widget-divider--view-line elementor-widget elementor-widget-divider\" data-id=\"04dfdf3\" data-element_type=\"widget\" data-widget_type=\"divider.default\">\n\t\t\t\t<div class=\"elementor-widget-container\">\n\t\t\t<style>\/*! elementor - v3.19.0 - 05-02-2024 *\/\n.elementor-widget-divider{--divider-border-style:none;--divider-border-width:1px;--divider-color:#0c0d0e;--divider-icon-size:20px;--divider-element-spacing:10px;--divider-pattern-height:24px;--divider-pattern-size:20px;--divider-pattern-url:none;--divider-pattern-repeat:repeat-x}.elementor-widget-divider .elementor-divider{display:flex}.elementor-widget-divider .elementor-divider__text{font-size:15px;line-height:1;max-width:95%}.elementor-widget-divider .elementor-divider__element{margin:0 var(--divider-element-spacing);flex-shrink:0}.elementor-widget-divider .elementor-icon{font-size:var(--divider-icon-size)}.elementor-widget-divider .elementor-divider-separator{display:flex;margin:0;direction:ltr}.elementor-widget-divider--view-line_icon .elementor-divider-separator,.elementor-widget-divider--view-line_text .elementor-divider-separator{align-items:center}.elementor-widget-divider--view-line_icon .elementor-divider-separator:after,.elementor-widget-divider--view-line_icon .elementor-divider-separator:before,.elementor-widget-divider--view-line_text .elementor-divider-separator:after,.elementor-widget-divider--view-line_text .elementor-divider-separator:before{display:block;content:\"\";border-block-end:0;flex-grow:1;border-block-start:var(--divider-border-width) var(--divider-border-style) var(--divider-color)}.elementor-widget-divider--element-align-left .elementor-divider .elementor-divider-separator>.elementor-divider__svg:first-of-type{flex-grow:0;flex-shrink:100}.elementor-widget-divider--element-align-left .elementor-divider-separator:before{content:none}.elementor-widget-divider--element-align-left .elementor-divider__element{margin-left:0}.elementor-widget-divider--element-align-right .elementor-divider .elementor-divider-separator>.elementor-divider__svg:last-of-type{flex-grow:0;flex-shrink:100}.elementor-widget-divider--element-align-right .elementor-divider-separator:after{content:none}.elementor-widget-divider--element-align-right .elementor-divider__element{margin-right:0}.elementor-widget-divider--element-align-start .elementor-divider .elementor-divider-separator>.elementor-divider__svg:first-of-type{flex-grow:0;flex-shrink:100}.elementor-widget-divider--element-align-start .elementor-divider-separator:before{content:none}.elementor-widget-divider--element-align-start .elementor-divider__element{margin-inline-start:0}.elementor-widget-divider--element-align-end .elementor-divider .elementor-divider-separator>.elementor-divider__svg:last-of-type{flex-grow:0;flex-shrink:100}.elementor-widget-divider--element-align-end .elementor-divider-separator:after{content:none}.elementor-widget-divider--element-align-end .elementor-divider__element{margin-inline-end:0}.elementor-widget-divider:not(.elementor-widget-divider--view-line_text):not(.elementor-widget-divider--view-line_icon) .elementor-divider-separator{border-block-start:var(--divider-border-width) var(--divider-border-style) var(--divider-color)}.elementor-widget-divider--separator-type-pattern{--divider-border-style:none}.elementor-widget-divider--separator-type-pattern.elementor-widget-divider--view-line .elementor-divider-separator,.elementor-widget-divider--separator-type-pattern:not(.elementor-widget-divider--view-line) .elementor-divider-separator:after,.elementor-widget-divider--separator-type-pattern:not(.elementor-widget-divider--view-line) .elementor-divider-separator:before,.elementor-widget-divider--separator-type-pattern:not([class*=elementor-widget-divider--view]) .elementor-divider-separator{width:100%;min-height:var(--divider-pattern-height);-webkit-mask-size:var(--divider-pattern-size) 100%;mask-size:var(--divider-pattern-size) 100%;-webkit-mask-repeat:var(--divider-pattern-repeat);mask-repeat:var(--divider-pattern-repeat);background-color:var(--divider-color);-webkit-mask-image:var(--divider-pattern-url);mask-image:var(--divider-pattern-url)}.elementor-widget-divider--no-spacing{--divider-pattern-size:auto}.elementor-widget-divider--bg-round{--divider-pattern-repeat:round}.rtl .elementor-widget-divider .elementor-divider__text{direction:rtl}.e-con-inner>.elementor-widget-divider,.e-con>.elementor-widget-divider{width:var(--container-widget-width,100%);--flex-grow:var(--container-widget-flex-grow)}<\/style>\t\t<div class=\"elementor-divider\">\n\t\t\t<span class=\"elementor-divider-separator\">\n\t\t\t\t\t\t<\/span>\n\t\t<\/div>\n\t\t\t\t<\/div>\n\t\t\t\t<\/div>\n\t\t\t\t\t<\/div>\n\t\t<\/div>\n\t\t\t\t<div class=\"elementor-column elementor-col-50 elementor-inner-column elementor-element elementor-element-1aee9fc\" data-id=\"1aee9fc\" data-element_type=\"column\">\n\t\t\t<div class=\"elementor-widget-wrap\">\n\t\t\t\t\t\t\t<\/div>\n\t\t<\/div>\n\t\t\t\t\t<\/div>\n\t\t<\/section>\n\t\t\t\t\t<\/div>\n\t\t<\/div>\n\t\t\t\t\t<\/div>\n\t\t<\/section>\n\t\t\t\t<section class=\"elementor-section elementor-top-section elementor-element elementor-element-86766c9 elementor-section-boxed elementor-section-height-default elementor-section-height-default\" data-id=\"86766c9\" data-element_type=\"section\">\n\t\t\t\t\t\t<div class=\"elementor-container elementor-column-gap-default\">\n\t\t\t\t\t<div class=\"elementor-column elementor-col-50 elementor-top-column elementor-element elementor-element-bd433dc\" data-id=\"bd433dc\" data-element_type=\"column\">\n\t\t\t<div class=\"elementor-widget-wrap elementor-element-populated\">\n\t\t\t\t\t\t<div class=\"elementor-element elementor-element-67a88a4 elementor-widget__width-initial elementor-widget-mobile__width-initial elementor-widget elementor-widget-image\" data-id=\"67a88a4\" data-element_type=\"widget\" data-widget_type=\"image.default\">\n\t\t\t\t<div class=\"elementor-widget-container\">\n\t\t\t<style>\/*! elementor - v3.19.0 - 05-02-2024 *\/\n.elementor-widget-image{text-align:center}.elementor-widget-image a{display:inline-block}.elementor-widget-image a img[src$=\".svg\"]{width:48px}.elementor-widget-image img{vertical-align:middle;display:inline-block}<\/style>\t\t\t\t\t\t\t\t\t\t<img fetchpriority=\"high\" decoding=\"async\" width=\"469\" height=\"424\" src=\"https:\/\/mccormickmurphy.com\/wp-content\/uploads\/2023\/07\/kirk-img.png\" class=\"attachment-large size-large wp-image-166\" alt=\"Kirk McCormick, Esq. Personal Injury Lawyer Colorado\" srcset=\"https:\/\/mccormickmurphy.com\/wp-content\/uploads\/2023\/07\/kirk-img.png 469w, https:\/\/mccormickmurphy.com\/wp-content\/uploads\/2023\/07\/kirk-img-300x271.png 300w\" sizes=\"100vw\" \/>\t\t\t\t\t\t\t\t\t\t\t\t\t<\/div>\n\t\t\t\t<\/div>\n\t\t\t\t\t<\/div>\n\t\t<\/div>\n\t\t\t\t<div class=\"elementor-column elementor-col-50 elementor-top-column elementor-element elementor-element-59cc4c4\" data-id=\"59cc4c4\" data-element_type=\"column\">\n\t\t\t<div class=\"elementor-widget-wrap elementor-element-populated\">\n\t\t\t\t\t\t<div class=\"elementor-element elementor-element-e59e37a elementor-widget__width-initial elementor-widget elementor-widget-text-editor\" data-id=\"e59e37a\" data-element_type=\"widget\" data-widget_type=\"text-editor.default\">\n\t\t\t\t<div class=\"elementor-widget-container\">\n\t\t\t<style>\/*! elementor - v3.19.0 - 05-02-2024 *\/\n.elementor-widget-text-editor.elementor-drop-cap-view-stacked .elementor-drop-cap{background-color:#69727d;color:#fff}.elementor-widget-text-editor.elementor-drop-cap-view-framed .elementor-drop-cap{color:#69727d;border:3px solid;background-color:transparent}.elementor-widget-text-editor:not(.elementor-drop-cap-view-default) .elementor-drop-cap{margin-top:8px}.elementor-widget-text-editor:not(.elementor-drop-cap-view-default) .elementor-drop-cap-letter{width:1em;height:1em}.elementor-widget-text-editor .elementor-drop-cap{float:left;text-align:center;line-height:1;font-size:50px}.elementor-widget-text-editor .elementor-drop-cap-letter{display:inline-block}<\/style>\t\t\t\t<p class=\"whitespace-normal break-words\">Kirk McCormick comenz\u00f3 su carrera legal como fiscal en Des Moines, Iowa, tras graduarse de la Facultad de Derecho de la Universidad de Drake. Tras mudarse a Colorado Springs en 1986, se dedic\u00f3 a manejar litigios comerciales multimillonarios para Colorado Interstate Gas Company. Posteriormente, se convirti\u00f3 en socio de Hall &amp; Evans, el bufete de abogados m\u00e1s grande de Colorado, especializado en la representaci\u00f3n de compa\u00f1\u00edas de seguros. Actualmente, atiende a clientes en todo Colorado desde sus oficinas en Colorado Springs, Denver y Pueblo como abogado especializado en lesiones personales.<\/p>\n\n<p class=\"whitespace-normal break-words\"><strong>Experiencia<\/strong><\/p>\n<p class=\"whitespace-normal break-words\">\n<p class=\"whitespace-normal break-words\">Tras graduarse de la facultad de derecho, el Sr. McCormick obtuvo su licencia para ejercer la abogac\u00eda en Iowa, donde trabaj\u00f3 durante dos a\u00f1os y medio procesando delitos graves. Tras mudarse a Colorado Springs en 1986, se desempe\u00f1\u00f3 como abogado litigante para Colorado Interstate Gas Company, gestionando demandas comerciales multimillonarias. Posteriormente, se convirti\u00f3 en socio del bufete Hall &amp; Evans, con sede en Denver, que en aquel entonces era el mayor bufete de abogados de defensa de seguros del estado. A lo largo de sus m\u00e1s de tres d\u00e9cadas de carrera, el Sr. McCormick ha llevado a juicio decenas de casos con veredicto de jurado, lo que le ha proporcionado una amplia experiencia judicial en asuntos de lesiones personales, incluyendo accidentes de tr\u00e1fico, accidentes de motocicleta, demandas por homicidio culposo, casos de resbalones y ca\u00eddas, disputas por mala fe de las aseguradoras, lesiones por mordeduras de perro y casos de traumatismo craneoencef\u00e1lico.<\/p>\t\t\t\t\t\t<\/div>\n\t\t\t\t<\/div>\n\t\t\t\t\t<\/div>\n\t\t<\/div>\n\t\t\t\t\t<\/div>\n\t\t<\/section>\n\t\t\t\t<section class=\"elementor-section elementor-top-section elementor-element elementor-element-5775b59 elementor-section-boxed elementor-section-height-default elementor-section-height-default\" data-id=\"5775b59\" data-element_type=\"section\">\n\t\t\t\t\t\t<div class=\"elementor-container elementor-column-gap-default\">\n\t\t\t\t\t<div class=\"elementor-column elementor-col-50 elementor-top-column elementor-element elementor-element-01dd363\" data-id=\"01dd363\" data-element_type=\"column\">\n\t\t\t<div class=\"elementor-widget-wrap elementor-element-populated\">\n\t\t\t\t\t\t<div class=\"elementor-element elementor-element-eaf227c elementor-widget elementor-widget-text-editor\" data-id=\"eaf227c\" data-element_type=\"widget\" data-widget_type=\"text-editor.default\">\n\t\t\t\t<div class=\"elementor-widget-container\">\n\t\t\t\t\t\t\t<p class=\"whitespace-normal break-words\">El Sr. McCormick obtuvo su Doctorado en Jurisprudencia (JD) en la Facultad de Derecho de la Universidad de Drake en Des Moines, Iowa. Antes de estudiar derecho, obtuvo su Licenciatura en Artes en Grand View College en 1981. Su formaci\u00f3n jur\u00eddica y su desarrollo profesional continuo le han proporcionado un amplio conocimiento de la legislaci\u00f3n sobre lesiones personales y la estrategia de litigios de Colorado.<\/p>\n<p class=\"whitespace-normal break-words\"><strong>Licencia<\/strong><\/p>\n\n<ul class=\"[&amp;:not(:last-child)_ul]:pb-1 [&amp;:not(:last-child)_ol]:pb-1 list-disc space-y-1.5 pl-7\">\n \t<li class=\"whitespace-normal break-words\">Colegio de Abogados del Estado de Iowa (1984 \/ Inactivo)<\/li>\n \t<li class=\"whitespace-normal break-words\">Colegio de Abogados del Estado de Colorado (1987 \/ Activo)<\/li>\n \t<li class=\"whitespace-normal break-words\">Admitido para ejercer en todos los tribunales federales y estatales de Colorado.<\/li>\n \t<li class=\"whitespace-normal break-words\">Anteriormente admitido pro hac vice para manejar casos en tribunales federales en Kansas, Oklahoma y Texas.<\/li>\n<\/ul>\t\t\t\t\t\t<\/div>\n\t\t\t\t<\/div>\n\t\t\t\t\t<\/div>\n\t\t<\/div>\n\t\t\t\t<div class=\"elementor-column elementor-col-50 elementor-top-column elementor-element elementor-element-6ba14ea\" data-id=\"6ba14ea\" data-element_type=\"column\">\n\t\t\t<div class=\"elementor-widget-wrap elementor-element-populated\">\n\t\t\t\t\t\t<div class=\"elementor-element elementor-element-e3f09eb elementor-widget elementor-widget-text-editor\" data-id=\"e3f09eb\" data-element_type=\"widget\" data-widget_type=\"text-editor.default\">\n\t\t\t\t<div class=\"elementor-widget-container\">\n\t\t\t\t\t\t\t<p class=\"whitespace-normal break-words\"><strong>Membres\u00edas profesionales<\/strong><\/p>El Sr. McCormick mantiene una membres\u00eda activa en varias organizaciones profesionales, entre ellas:<\/p>\n\n<ul class=\"[&amp;:not(:last-child)_ul]:pb-1 [&amp;:not(:last-child)_ol]:pb-1 list-disc space-y-1.5 pl-7\">\n \t<li class=\"whitespace-normal break-words\">Colegio de Abogados del Condado de El Paso<\/li>\n \t<li class=\"whitespace-normal break-words\">Asociaci\u00f3n de Abogados Litigantes de Colorado<\/li>\n \t<li class=\"whitespace-normal break-words\">Sociedad Legal Cristiana<\/li>\n<\/ul>\n<p class=\"whitespace-normal break-words\">Estas afiliaciones demuestran su compromiso con el desarrollo profesional, la \u00e9tica legal y el servicio comunitario como abogado de lesiones personales de Colorado.<\/p>\t\t\t\t\t\t<\/div>\n\t\t\t\t<\/div>\n\t\t\t\t\t<\/div>\n\t\t<\/div>\n\t\t\t\t\t<\/div>\n\t\t<\/section>\n\t\t\t\t<section class=\"elementor-section elementor-top-section elementor-element elementor-element-2e53b19 elementor-section-boxed elementor-section-height-default elementor-section-height-default\" data-id=\"2e53b19\" data-element_type=\"section\" data-settings=\"{&quot;background_background&quot;:&quot;classic&quot;}\">\n\t\t\t\t\t\t<div class=\"elementor-container elementor-column-gap-default\">\n\t\t\t\t\t<div class=\"elementor-column elementor-col-100 elementor-top-column elementor-element elementor-element-74462ff\" data-id=\"74462ff\" data-element_type=\"column\">\n\t\t\t<div class=\"elementor-widget-wrap elementor-element-populated\">\n\t\t\t\t\t\t<div class=\"elementor-element elementor-element-7ed10c4 elementor-widget elementor-widget-text-editor\" data-id=\"7ed10c4\" data-element_type=\"widget\" data-widget_type=\"text-editor.default\">\n\t\t\t\t<div class=\"elementor-widget-container\">\n\t\t\t\t\t\t\t<p><i>Descargo de responsabilidad:<\/i>\u00a0La informaci\u00f3n proporcionada en este sitio NO constituye asesoramiento legal formal. Es informaci\u00f3n legal gen\u00e9rica. Bajo ninguna circunstancia se debe confiar en la informaci\u00f3n de este sitio para decidir el curso adecuado de una acci\u00f3n legal. Siempre obtenga un asesoramiento legal formal.\u00a0<a href=\"https:\/\/mccormickmurphy.com\/es\/contact-us\/\">evaluaci\u00f3n de caso<\/a>\u00a0de un abogado autorizado si cree que podr\u00eda tener una demanda por lesiones personales.<\/p>\t\t\t\t\t\t<\/div>\n\t\t\t\t<\/div>\n\t\t\t\t\t<\/div>\n\t\t<\/div>\n\t\t\t\t\t<\/div>\n\t\t<\/section>\n\t\t\t\t<\/div>","protected":false},"excerpt":{"rendered":"<p>Kirk McCormick, Esq. Kirk McCormick comenz\u00f3 su carrera legal como fiscal en Des Moines, Iowa, tras graduarse de la Facultad de Derecho de la Universidad de Drake. Tras mudarse a Colorado Springs en 1986, se dedic\u00f3 a gestionar litigios comerciales multimillonarios para Colorado Interstate Gas Company. Posteriormente, se convirti\u00f3 en socio de Hall &amp; Evans, la firma m\u00e1s grande\u2026 <\/p>\n<p class=\"link-more\"><a href=\"https:\/\/mccormickmurphy.com\/es\/about\/kirk-mccormick\/\" class=\"more-link\">Continuar leyendo<span class=\"screen-reader-text\"> \u201cKirk McCormick\u201d<\/span><\/a><\/p>","protected":false},"author":4,"featured_media":0,"parent":117,"menu_order":0,"comment_status":"closed","ping_status":"closed","template":"","meta":{"footnotes":""},"class_list":["post-195","page","type-page","status-publish","hentry"],"yoast_head":"<!-- This site is optimized with the Yoast SEO Premium plugin v21.5 (Yoast SEO v21.5) - https:\/\/yoast.com\/wordpress\/plugins\/seo\/ -->\n<title>Kirk McCormick | Personal Injury Lawyer | Colorado<\/title>\n<meta name=\"description\" content=\"Kirk McCormick: Experienced personal injury lawyer in Colorado. Dedicated to advocating for your rights. Contact for skilled legal representation.\" \/>\n<meta name=\"robots\" content=\"index, follow, max-snippet:-1, max-image-preview:large, max-video-preview:-1\" \/>\n<link rel=\"canonical\" href=\"https:\/\/mccormickmurphy.com\/es\/about\/kirk-mccormick\/\" \/>\n<meta property=\"og:locale\" content=\"es_MX\" \/>\n<meta property=\"og:type\" content=\"article\" \/>\n<meta property=\"og:title\" content=\"Kirk McCormick\" \/>\n<meta property=\"og:description\" content=\"Kirk McCormick: Experienced personal injury lawyer in Colorado. Dedicated to advocating for your rights. Contact for skilled legal representation.\" \/>\n<meta property=\"og:url\" content=\"https:\/\/mccormickmurphy.com\/es\/about\/kirk-mccormick\/\" \/>\n<meta property=\"og:site_name\" content=\"McCormick &amp; Murphy - Personal Injury Lawyers\" \/>\n<meta property=\"article:modified_time\" content=\"2025-06-04T12:31:36+00:00\" \/>\n<meta property=\"og:image\" content=\"https:\/\/mccormickmurphy.com\/wp-content\/uploads\/2023\/07\/kirk-img.png\" \/>\n<meta name=\"twitter:card\" content=\"summary_large_image\" \/>\n<meta name=\"twitter:label1\" content=\"Tiempo de lectura\" \/>\n\t<meta name=\"twitter:data1\" content=\"2 minutos\" \/>\n<script type=\"application\/ld+json\" class=\"yoast-schema-graph\">{\"@context\":\"https:\/\/schema.org\",\"@graph\":[{\"@type\":\"WebPage\",\"@id\":\"https:\/\/mccormickmurphy.com\/about\/kirk-mccormick\/\",\"url\":\"https:\/\/mccormickmurphy.com\/about\/kirk-mccormick\/\",\"name\":\"Kirk McCormick | Personal Injury Lawyer | Colorado\",\"isPartOf\":{\"@id\":\"https:\/\/mccormickmurphy.com\/#website\"},\"datePublished\":\"2023-07-13T09:14:26+00:00\",\"dateModified\":\"2025-06-04T12:31:36+00:00\",\"description\":\"Kirk McCormick: Experienced personal injury lawyer in Colorado. Dedicated to advocating for your rights. Contact for skilled legal representation.\",\"breadcrumb\":{\"@id\":\"https:\/\/mccormickmurphy.com\/about\/kirk-mccormick\/#breadcrumb\"},\"inLanguage\":\"es\",\"potentialAction\":[{\"@type\":\"ReadAction\",\"target\":[\"https:\/\/mccormickmurphy.com\/about\/kirk-mccormick\/\"]}]},{\"@type\":\"BreadcrumbList\",\"@id\":\"https:\/\/mccormickmurphy.com\/about\/kirk-mccormick\/#breadcrumb\",\"itemListElement\":[{\"@type\":\"ListItem\",\"position\":1,\"name\":\"Home\",\"item\":\"https:\/\/mccormickmurphy.com\/\"},{\"@type\":\"ListItem\",\"position\":2,\"name\":\"About\",\"item\":\"https:\/\/mccormickmurphy.com\/about\/\"},{\"@type\":\"ListItem\",\"position\":3,\"name\":\"Kirk McCormick\"}]},{\"@type\":\"WebSite\",\"@id\":\"https:\/\/mccormickmurphy.com\/#website\",\"url\":\"https:\/\/mccormickmurphy.com\/\",\"name\":\"McCormick &amp; Murphy - Personal Injury Lawyers\",\"description\":\"Premier Colorado Personal Injury Lawyers\",\"publisher\":{\"@id\":\"https:\/\/mccormickmurphy.com\/#organization\"},\"potentialAction\":[{\"@type\":\"SearchAction\",\"target\":{\"@type\":\"EntryPoint\",\"urlTemplate\":\"https:\/\/mccormickmurphy.com\/?s={search_term_string}\"},\"query-input\":\"required name=search_term_string\"}],\"inLanguage\":\"es\"},{\"@type\":\"Organization\",\"@id\":\"https:\/\/mccormickmurphy.com\/#organization\",\"name\":\"McCormick & Murphy, P.C.\",\"url\":\"https:\/\/mccormickmurphy.com\/\",\"logo\":{\"@type\":\"ImageObject\",\"inLanguage\":\"es\",\"@id\":\"https:\/\/mccormickmurphy.com\/#\/schema\/logo\/image\/\",\"url\":\"https:\/\/mccormickmurphy.com\/wp-content\/uploads\/2023\/07\/header-logo.png\",\"contentUrl\":\"https:\/\/mccormickmurphy.com\/wp-content\/uploads\/2023\/07\/header-logo.png\",\"width\":261,\"height\":80,\"caption\":\"McCormick & Murphy, P.C.\"},\"image\":{\"@id\":\"https:\/\/mccormickmurphy.com\/#\/schema\/logo\/image\/\"}}]}<\/script>\n<!-- \/ Yoast SEO Premium plugin. -->","yoast_head_json":{"title":"Kirk McCormick | Abogado de lesiones personales | Colorado","description":"Kirk McCormick: Abogado con experiencia en lesiones personales en Colorado. Dedicado a defender sus derechos. Cont\u00e1ctenos para obtener representaci\u00f3n legal experta.","robots":{"index":"index","follow":"follow","max-snippet":"max-snippet:-1","max-image-preview":"max-image-preview:large","max-video-preview":"max-video-preview:-1"},"canonical":"https:\/\/mccormickmurphy.com\/es\/about\/kirk-mccormick\/","og_locale":"es_MX","og_type":"article","og_title":"Kirk McCormick","og_description":"Kirk McCormick: Experienced personal injury lawyer in Colorado. Dedicated to advocating for your rights. Contact for skilled legal representation.","og_url":"https:\/\/mccormickmurphy.com\/es\/about\/kirk-mccormick\/","og_site_name":"McCormick &amp; Murphy - Personal Injury Lawyers","article_modified_time":"2025-06-04T12:31:36+00:00","og_image":[{"url":"https:\/\/mccormickmurphy.com\/wp-content\/uploads\/2023\/07\/kirk-img.png"}],"twitter_card":"summary_large_image","twitter_misc":{"Tiempo de lectura":"2 minutos"},"schema":{"@context":"https:\/\/schema.org","@graph":[{"@type":"WebPage","@id":"https:\/\/mccormickmurphy.com\/about\/kirk-mccormick\/","url":"https:\/\/mccormickmurphy.com\/about\/kirk-mccormick\/","name":"Kirk McCormick | Abogado de lesiones personales | Colorado","isPartOf":{"@id":"https:\/\/mccormickmurphy.com\/#website"},"datePublished":"2023-07-13T09:14:26+00:00","dateModified":"2025-06-04T12:31:36+00:00","description":"Kirk McCormick: Abogado con experiencia en lesiones personales en Colorado. Dedicado a defender sus derechos. Cont\u00e1ctenos para obtener representaci\u00f3n legal experta.","breadcrumb":{"@id":"https:\/\/mccormickmurphy.com\/about\/kirk-mccormick\/#breadcrumb"},"inLanguage":"es","potentialAction":[{"@type":"ReadAction","target":["https:\/\/mccormickmurphy.com\/about\/kirk-mccormick\/"]}]},{"@type":"BreadcrumbList","@id":"https:\/\/mccormickmurphy.com\/about\/kirk-mccormick\/#breadcrumb","itemListElement":[{"@type":"ListItem","position":1,"name":"Home","item":"https:\/\/mccormickmurphy.com\/"},{"@type":"ListItem","position":2,"name":"About","item":"https:\/\/mccormickmurphy.com\/about\/"},{"@type":"ListItem","position":3,"name":"Kirk McCormick"}]},{"@type":"WebSite","@id":"https:\/\/mccormickmurphy.com\/#website","url":"https:\/\/mccormickmurphy.com\/","name":"McCormick &amp; Murphy - Abogados de lesiones personales","description":"Abogados de lesiones personales de primer nivel en Colorado","publisher":{"@id":"https:\/\/mccormickmurphy.com\/#organization"},"potentialAction":[{"@type":"SearchAction","target":{"@type":"EntryPoint","urlTemplate":"https:\/\/mccormickmurphy.com\/?s={search_term_string}"},"query-input":"required name=search_term_string"}],"inLanguage":"es"},{"@type":"Organization","@id":"https:\/\/mccormickmurphy.com\/#organization","name":"McCormick y Murphy, PC","url":"https:\/\/mccormickmurphy.com\/","logo":{"@type":"ImageObject","inLanguage":"es","@id":"https:\/\/mccormickmurphy.com\/#\/schema\/logo\/image\/","url":"https:\/\/mccormickmurphy.com\/wp-content\/uploads\/2023\/07\/header-logo.png","contentUrl":"https:\/\/mccormickmurphy.com\/wp-content\/uploads\/2023\/07\/header-logo.png","width":261,"height":80,"caption":"McCormick & Murphy, P.C."},"image":{"@id":"https:\/\/mccormickmurphy.com\/#\/schema\/logo\/image\/"}}]}},"_links":{"self":[{"href":"https:\/\/mccormickmurphy.com\/es\/wp-json\/wp\/v2\/pages\/195","targetHints":{"allow":["GET"]}}],"collection":[{"href":"https:\/\/mccormickmurphy.com\/es\/wp-json\/wp\/v2\/pages"}],"about":[{"href":"https:\/\/mccormickmurphy.com\/es\/wp-json\/wp\/v2\/types\/page"}],"author":[{"embeddable":true,"href":"https:\/\/mccormickmurphy.com\/es\/wp-json\/wp\/v2\/users\/4"}],"replies":[{"embeddable":true,"href":"https:\/\/mccormickmurphy.com\/es\/wp-json\/wp\/v2\/comments?post=195"}],"version-history":[{"count":0,"href":"https:\/\/mccormickmurphy.com\/es\/wp-json\/wp\/v2\/pages\/195\/revisions"}],"up":[{"embeddable":true,"href":"https:\/\/mccormickmurphy.com\/es\/wp-json\/wp\/v2\/pages\/117"}],"wp:attachment":[{"href":"https:\/\/mccormickmurphy.com\/es\/wp-json\/wp\/v2\/media?parent=195"}],"curies":[{"name":"wp","href":"https:\/\/api.w.org\/{rel}","templated":true}]}}